{"id":8141,"date":"2024-03-05T13:56:18","date_gmt":"2024-03-05T13:56:18","guid":{"rendered":"https:\/\/cncps.maia.gov.md\/?post_type=product&#038;p=8141"},"modified":"2026-02-06T10:23:05","modified_gmt":"2026-02-06T10:23:05","slug":"porumbeni-455","status":"publish","type":"product","link":"https:\/\/cncps.maia.gov.md\/ru\/produs\/porumbeni-455\/","title":{"rendered":"PORUMBENI 455"},"content":{"rendered":"<h3><span style=\"color: #ff6600;\"><strong>Porumbeni 455 <\/strong><\/span><\/h3>\n<h4><span style=\"color: #008000;\">\u00a0hibrid simplu, tardiv<\/span><\/h4>\n<p><strong>FAO 450<\/strong><\/p>\n<p>Perioada de vegeta\u0163ie \u00een condi\u0163iile Moldovei 117-122 zile.<\/p>\n<p><strong>Planta <\/strong>cu \u00een\u0103l\u0163imea de 235-240 cm, 17-19 frunze, tulpina trainic\u0103, inser\u0163ia \u015ftiuletelui &#8212; la 90-95 cm.<\/p>\n<p><strong>\u0218tiuletele<\/strong> \u2013 conico-cilindric, cu lungimea de 18-20 cm, 14-16 r\u00e2nduri de boabe. Randamentul \u00een boabe &#8212; 82-85%. Rahisul de culoare roz\u0103.<\/p>\n<p><strong>Bobul<\/strong> &#8212; dentat, de culoare galben-\u00eenchis, cu MMB 225-250 g. Con\u0163ine 10,1% protein\u0103, 4,1% gr\u0103simi, 71% amidon.<\/p>\n<p><strong>Poten\u021bialul de produc\u021bie<\/strong>. \u00cen regiunile\u00a0 de cultivarea hibridului produc\u0163ia de boabe constituie 12-13 t\/ha, masa de \u00eensilozare &#8212; 40-45 t\/ha.<\/p>\n<p><strong>\u00censu\u0219iri specifice<\/strong>. Are o rezisten\u0163\u0103 mijlocie la secet\u0103, foarte rezistent la fr\u00e2ngerea tulpinilor, posed\u0103 plante remontante. Tolerant la boli \u015fi d\u0103un\u0103tori. Valorific\u0103 foarte bine agrofonurile \u00eenalte.<\/p>\n<p>Densitatea optim\u0103 \u00een zona de Nord \u2013 55-60 mii plante la hectar, \u00een zonele de Centru \u015fi Sud \u2013 50-55 mii plante la hectar.<\/p>\n<p><em><strong>Omologat \u00een Republica Moldova pentru cultivare la boabe \u015fi siloz.<\/strong><\/em><\/p>\n","protected":false},"excerpt":{"rendered":"<h4><span style=\"color: #993366;\"><strong>hibrid simplu, tardiv<\/strong><\/span><\/h4>\n<h4><span style=\"color: #993366;\"><strong>FAO 450<\/strong><\/span><\/h4>\n","protected":false},"featured_media":8142,"comment_status":"closed","ping_status":"closed","template":"","meta":[],"product_cat":[106],"product_tag":[],"class_list":["post-8141","product","type-product","status-publish","has-post-thumbnail","hentry","product_cat-hibrizi-de-perspectiva"],"_links":{"self":[{"href":"https:\/\/cncps.maia.gov.md\/ru\/wp-json\/wp\/v2\/product\/8141","targetHints":{"allow":["GET"]}}],"collection":[{"href":"https:\/\/cncps.maia.gov.md\/ru\/wp-json\/wp\/v2\/product"}],"about":[{"href":"https:\/\/cncps.maia.gov.md\/ru\/wp-json\/wp\/v2\/types\/product"}],"replies":[{"embeddable":true,"href":"https:\/\/cncps.maia.gov.md\/ru\/wp-json\/wp\/v2\/comments?post=8141"}],"wp:featuredmedia":[{"embeddable":true,"href":"https:\/\/cncps.maia.gov.md\/ru\/wp-json\/wp\/v2\/media\/8142"}],"wp:attachment":[{"href":"https:\/\/cncps.maia.gov.md\/ru\/wp-json\/wp\/v2\/media?parent=8141"}],"wp:term":[{"taxonomy":"product_cat","embeddable":true,"href":"https:\/\/cncps.maia.gov.md\/ru\/wp-json\/wp\/v2\/product_cat?post=8141"},{"taxonomy":"product_tag","embeddable":true,"href":"https:\/\/cncps.maia.gov.md\/ru\/wp-json\/wp\/v2\/product_tag?post=8141"}],"curies":[{"name":"wp","href":"https:\/\/api.w.org\/{rel}","templated":true}]}}