{"id":7506,"date":"2024-02-08T09:45:39","date_gmt":"2024-02-08T09:45:39","guid":{"rendered":"https:\/\/cncps.maia.gov.md\/?post_type=product&#038;p=7506"},"modified":"2024-02-08T09:45:39","modified_gmt":"2024-02-08T09:45:39","slug":"sorg-limpiera-p1","status":"publish","type":"product","link":"https:\/\/cncps.maia.gov.md\/ru\/produs\/sorg-limpiera-p1\/","title":{"rendered":"SORG \/ LIMPIERA P1"},"content":{"rendered":"<p><strong><span style=\"color: #ff6600;\">SORG<\/span><\/strong><\/p>\n<p><strong><span style=\"color: #ff6600;\">LIMPIERA P1<\/span><\/strong><\/p>\n<p>Soi de sorg semitimpuriu pentru m\u0103turi.<br \/>\nSoi de sorg cu perioada de maturitate 90-100 zile. Planta are o \u00een\u0103l\u021bime de 140-150 cm cu 6-7 internoduri. Panicula aplecat, compact de culoare galben\u0103 cu 35-40 r\u0103murele, lungimea maturei 55-60 cm Rezistent la secet\u0103, tolerant la boli \u0219i d\u0103un\u0103tori. Densitatea optim\u0103 de cultivare 120-130 mii plante\/ ha. Produc\u021bia de m\u0103turi \u2013 7-8 mii buc\u0103\u021bi la hectar.<\/p>\n<h4><em><strong>Omologat \u00een Republica Moldova.<\/strong><\/em><\/h4>\n","protected":false},"excerpt":{"rendered":"<p><em><strong>Soi de sorg semitimpuriu pentru m\u0103turi.<\/strong><\/em><\/p>\n","protected":false},"featured_media":7507,"comment_status":"closed","ping_status":"closed","template":"","meta":[],"product_cat":[56],"product_tag":[],"class_list":["post-7506","product","type-product","status-publish","has-post-thumbnail","hentry","product_cat-sorg-pentru-maturi"],"_links":{"self":[{"href":"https:\/\/cncps.maia.gov.md\/ru\/wp-json\/wp\/v2\/product\/7506","targetHints":{"allow":["GET"]}}],"collection":[{"href":"https:\/\/cncps.maia.gov.md\/ru\/wp-json\/wp\/v2\/product"}],"about":[{"href":"https:\/\/cncps.maia.gov.md\/ru\/wp-json\/wp\/v2\/types\/product"}],"replies":[{"embeddable":true,"href":"https:\/\/cncps.maia.gov.md\/ru\/wp-json\/wp\/v2\/comments?post=7506"}],"wp:featuredmedia":[{"embeddable":true,"href":"https:\/\/cncps.maia.gov.md\/ru\/wp-json\/wp\/v2\/media\/7507"}],"wp:attachment":[{"href":"https:\/\/cncps.maia.gov.md\/ru\/wp-json\/wp\/v2\/media?parent=7506"}],"wp:term":[{"taxonomy":"product_cat","embeddable":true,"href":"https:\/\/cncps.maia.gov.md\/ru\/wp-json\/wp\/v2\/product_cat?post=7506"},{"taxonomy":"product_tag","embeddable":true,"href":"https:\/\/cncps.maia.gov.md\/ru\/wp-json\/wp\/v2\/product_tag?post=7506"}],"curies":[{"name":"wp","href":"https:\/\/api.w.org\/{rel}","templated":true}]}}