{"id":7493,"date":"2024-02-08T09:17:36","date_gmt":"2024-02-08T09:17:36","guid":{"rendered":"https:\/\/cncps.maia.gov.md\/?post_type=product&#038;p=7493"},"modified":"2026-02-12T12:07:47","modified_gmt":"2026-02-12T12:07:47","slug":"sfecla-furajera-soi-ruja","status":"publish","type":"product","link":"https:\/\/cncps.maia.gov.md\/ru\/produs\/sfecla-furajera-soi-ruja\/","title":{"rendered":"SFECLA FURAJER\u0102 \/ Soi RUJA"},"content":{"rendered":"<p><span style=\"color: #ff6600;\"><strong>SFECLA FURAJER\u0102<\/strong><\/span><br \/>\n<span style=\"color: #ff6600;\"><strong>Soiul RUJA<\/strong><\/span><\/p>\n<p>Soi plurigerm, heterozic, poliploid, destinat pentru furaj.<br \/>\nPosed\u0103 frunze semierecte de culoare verde-ro\u0219ietice, culoarea nervurilor ro\u0219ie. Rizocarpul conic spre alungit,<br \/>\ncaracterizat cu afundare medie \u00een sol de culoare roz\u0103-violet\u0103. Culoarea pulpei rosie. Rezistent la l\u0103st\u0103rire,<br \/>\ntolerant la cercospor\u0103, f\u0103inare \u0219i putregaiul fusarian. Comportare bun\u0103 \u00een condi\u021bii de secet\u0103 \u0219i ar\u0219i\u021b\u0103.<br \/>\nP\u0103strare bun\u0103 \u0219i \u00eendelungat\u0103. Densitatea plantelor \u201370\u201375 mii\/ha. Produc\u021bia de r\u0103d\u0103cini \u2013 150\u2013170 t\/ha,<br \/>\nde frunze \u2013 33\u201335 t\/ha. Con\u021binutul de substan\u021b\u0103 uscat\u0103 \u201313,2\u201313,4%, de zaharoz\u0103 \u20138,4%.<\/p>\n<p><em><strong>Omologat \u00een Republica Moldova din 2013.<\/strong><\/em><\/p>\n","protected":false},"excerpt":{"rendered":"<h4><em><strong>Soi plurigerm.<\/strong><\/em><\/h4>\n","protected":false},"featured_media":7494,"comment_status":"closed","ping_status":"closed","template":"","meta":[],"product_cat":[118,117],"product_tag":[],"class_list":["post-7493","product","type-product","status-publish","has-post-thumbnail","hentry","product_cat-culturi-de-camp","product_cat-svecla"],"_links":{"self":[{"href":"https:\/\/cncps.maia.gov.md\/ru\/wp-json\/wp\/v2\/product\/7493","targetHints":{"allow":["GET"]}}],"collection":[{"href":"https:\/\/cncps.maia.gov.md\/ru\/wp-json\/wp\/v2\/product"}],"about":[{"href":"https:\/\/cncps.maia.gov.md\/ru\/wp-json\/wp\/v2\/types\/product"}],"replies":[{"embeddable":true,"href":"https:\/\/cncps.maia.gov.md\/ru\/wp-json\/wp\/v2\/comments?post=7493"}],"wp:featuredmedia":[{"embeddable":true,"href":"https:\/\/cncps.maia.gov.md\/ru\/wp-json\/wp\/v2\/media\/7494"}],"wp:attachment":[{"href":"https:\/\/cncps.maia.gov.md\/ru\/wp-json\/wp\/v2\/media?parent=7493"}],"wp:term":[{"taxonomy":"product_cat","embeddable":true,"href":"https:\/\/cncps.maia.gov.md\/ru\/wp-json\/wp\/v2\/product_cat?post=7493"},{"taxonomy":"product_tag","embeddable":true,"href":"https:\/\/cncps.maia.gov.md\/ru\/wp-json\/wp\/v2\/product_tag?post=7493"}],"curies":[{"name":"wp","href":"https:\/\/api.w.org\/{rel}","templated":true}]}}