{"id":7489,"date":"2024-02-08T09:15:05","date_gmt":"2024-02-08T09:15:05","guid":{"rendered":"https:\/\/cncps.maia.gov.md\/?post_type=product&#038;p=7489"},"modified":"2024-02-09T08:39:24","modified_gmt":"2024-02-09T08:39:24","slug":"sfecla-furajera-soi-ciugur","status":"publish","type":"product","link":"https:\/\/cncps.maia.gov.md\/ru\/produs\/sfecla-furajera-soi-ciugur\/","title":{"rendered":"SFECLA FURAJER\u0102 \/ Soi CIUGUR"},"content":{"rendered":"<p><strong><span style=\"color: #ff6600;\">SFECLA FURAJER\u0102<\/span><\/strong><br \/>\n<strong><span style=\"color: #ff6600;\">Soiul CIUGUR<\/span><\/strong><\/p>\n<p>Soi plurigerm, heterozic, poliploid, tip semizaharat. R\u0103d\u0103cina cilindric\u0103-conic\u0103, alb\u0103-verzue. Rezistent la l\u0103st\u0103rie, tolerant la cercospor\u0103, rizomanie. Comportare bun\u0103 \u00een condi\u021bii de secet\u0103 \u0219i ar\u0219i\u021b\u0103.<br \/>\nP\u0103strare \u00eendelungat\u0103. Densitatea plantelor \u2013 70\u201375 mii\/ha. Produc\u021bia de r\u0103d\u0103cini \u2013 200\u2013210 t\/ha de frunze \u2013 38-40t\/ha.<br \/>\nCon\u021binutul de substan\u021b\u0103 uscat\u0103 \u2013 14,5\u201315,5%, de zaharoz\u0103 \u2013 10,8%.<\/p>\n<h4><strong><em>Omologat \u00een Republica Moldova din 2010.<\/em><\/strong><\/h4>\n","protected":false},"excerpt":{"rendered":"<p><em><strong>Soi plurigerm.<\/strong><\/em><\/p>\n","protected":false},"featured_media":7490,"comment_status":"closed","ping_status":"closed","template":"","meta":[],"product_cat":[118,117],"product_tag":[],"class_list":["post-7489","product","type-product","status-publish","has-post-thumbnail","hentry","product_cat-culturi-de-camp","product_cat-svecla"],"_links":{"self":[{"href":"https:\/\/cncps.maia.gov.md\/ru\/wp-json\/wp\/v2\/product\/7489","targetHints":{"allow":["GET"]}}],"collection":[{"href":"https:\/\/cncps.maia.gov.md\/ru\/wp-json\/wp\/v2\/product"}],"about":[{"href":"https:\/\/cncps.maia.gov.md\/ru\/wp-json\/wp\/v2\/types\/product"}],"replies":[{"embeddable":true,"href":"https:\/\/cncps.maia.gov.md\/ru\/wp-json\/wp\/v2\/comments?post=7489"}],"wp:featuredmedia":[{"embeddable":true,"href":"https:\/\/cncps.maia.gov.md\/ru\/wp-json\/wp\/v2\/media\/7490"}],"wp:attachment":[{"href":"https:\/\/cncps.maia.gov.md\/ru\/wp-json\/wp\/v2\/media?parent=7489"}],"wp:term":[{"taxonomy":"product_cat","embeddable":true,"href":"https:\/\/cncps.maia.gov.md\/ru\/wp-json\/wp\/v2\/product_cat?post=7489"},{"taxonomy":"product_tag","embeddable":true,"href":"https:\/\/cncps.maia.gov.md\/ru\/wp-json\/wp\/v2\/product_tag?post=7489"}],"curies":[{"name":"wp","href":"https:\/\/api.w.org\/{rel}","templated":true}]}}