{"id":7439,"date":"2024-02-08T08:26:34","date_gmt":"2024-02-08T08:26:34","guid":{"rendered":"https:\/\/cncps.maia.gov.md\/?post_type=product&#038;p=7439"},"modified":"2024-02-08T13:48:09","modified_gmt":"2024-02-08T13:48:09","slug":"fasolea-soi-petrela","status":"publish","type":"product","link":"https:\/\/cncps.maia.gov.md\/ru\/produs\/fasolea-soi-petrela\/","title":{"rendered":"Fasolea \/ Soi PETRELA"},"content":{"rendered":"<p><span style=\"color: #ff6600;\"><strong>Fasolea<\/strong><\/span><\/p>\n<p><span style=\"color: #ff6600;\"><strong>Soiul PETRELA<\/strong><\/span><\/p>\n<p>Soi timpuriu cu perioada de vegeta\u021bie 80 \u2013 85 zile. Tipul cre\u0219terii determinant.<br \/>\nTulpina de \u00een\u0103l\u021bime medie cu frunze de culoare verde \u00eenchis \u0219i flori albe. P\u0103staia lung\u0103 cu culoare de baz\u0103 verde. Bobul alb de m\u0103rime medie. Poten\u021bialul de produc\u021bie 2,8 \u2013 3,5 t\/ha. Con\u021binut de protein\u0103 20 \u2013 23%. Masa a 1000 boabe constituie 270 \u2013 330 g. Pretabil pentru recoltare mecanizat\u0103. Este rezistent la bacterioz\u0103 \u0219i antracnoz\u0103 fasolei.<\/p>\n<h4><em><strong>\u00cenregistrat \u00een Republica Moldova din 2017.<\/strong><\/em><\/h4>\n","protected":false},"excerpt":{"rendered":"<p>Fasolea Soiul PETRELA Soi timpuriu cu perioada de vegeta\u021bie 80 \u2013 85 zile. Tipul cre\u0219terii determinant. Tulpina de \u00een\u0103l\u021bime medie<\/p>\n","protected":false},"featured_media":7440,"comment_status":"closed","ping_status":"closed","template":"","meta":[],"product_cat":[118,112],"product_tag":[],"class_list":["post-7439","product","type-product","status-publish","has-post-thumbnail","hentry","product_cat-culturi-de-camp","product_cat-fasolea"],"_links":{"self":[{"href":"https:\/\/cncps.maia.gov.md\/ru\/wp-json\/wp\/v2\/product\/7439","targetHints":{"allow":["GET"]}}],"collection":[{"href":"https:\/\/cncps.maia.gov.md\/ru\/wp-json\/wp\/v2\/product"}],"about":[{"href":"https:\/\/cncps.maia.gov.md\/ru\/wp-json\/wp\/v2\/types\/product"}],"replies":[{"embeddable":true,"href":"https:\/\/cncps.maia.gov.md\/ru\/wp-json\/wp\/v2\/comments?post=7439"}],"wp:featuredmedia":[{"embeddable":true,"href":"https:\/\/cncps.maia.gov.md\/ru\/wp-json\/wp\/v2\/media\/7440"}],"wp:attachment":[{"href":"https:\/\/cncps.maia.gov.md\/ru\/wp-json\/wp\/v2\/media?parent=7439"}],"wp:term":[{"taxonomy":"product_cat","embeddable":true,"href":"https:\/\/cncps.maia.gov.md\/ru\/wp-json\/wp\/v2\/product_cat?post=7439"},{"taxonomy":"product_tag","embeddable":true,"href":"https:\/\/cncps.maia.gov.md\/ru\/wp-json\/wp\/v2\/product_tag?post=7439"}],"curies":[{"name":"wp","href":"https:\/\/api.w.org\/{rel}","templated":true}]}}