{"id":7413,"date":"2024-02-08T08:14:37","date_gmt":"2024-02-08T08:14:37","guid":{"rendered":"https:\/\/cncps.maia.gov.md\/?post_type=product&#038;p=7413"},"modified":"2024-02-08T13:41:17","modified_gmt":"2024-02-08T13:41:17","slug":"soia-soi-aura","status":"publish","type":"product","link":"https:\/\/cncps.maia.gov.md\/ru\/produs\/soia-soi-aura\/","title":{"rendered":"SOIA \/ Soi AURA"},"content":{"rendered":"<h4><strong><span style=\"color: #ff6600;\">SOIA<\/span><\/strong><br \/>\n<strong><span style=\"color: #ff6600;\">Soiul AURA<\/span><\/strong><\/h4>\n<h4><strong>Soi de maturitate mijlocie cu perioada de vegeta\u021bie 118 \u2013 120 zile. Se caracterizeaz\u0103 cu plant\u0103 cu tipul de cre\u0219tere determinat, port erect la \u00eenflorire. \u00cen\u0103l\u021bimea plantei medie cu peri\u0219ori de culoare sur\u0103 pe tulpina principal\u0103 \u0219i frunze de culoare verde \u2013deschis\u0103. Floarea violet\u0103. P\u0103staia la maturitatea tehnic\u0103 cu intensitatea slab\u0103 a culorii brune. Bobul galben, Masa a 1000 boabe constituie 170 \u2013 190 g. Poten\u021bialul de produc\u021bie 3,8 \u2013 4,4 t\/ha. Boabele con\u021bin 38 \u2013 40% proteine \u0219i 17 \u2013 19% ulei. Destina\u021bie \u2013 furaj \u0219i industria alimentar\u0103. Rezistent la c\u0103dere, scuturare \u0219i secet\u0103.<\/strong><\/h4>\n<h4><em><strong>\u00cenregistrat \u00een Republica Moldova din 1999.<\/strong><\/em><\/h4>\n","protected":false},"excerpt":{"rendered":"<h4><strong>Soi de maturitate mijlocie.<\/strong><\/h4>\n","protected":false},"featured_media":7414,"comment_status":"closed","ping_status":"closed","template":"","meta":[],"product_cat":[118,111],"product_tag":[],"class_list":["post-7413","product","type-product","status-publish","has-post-thumbnail","hentry","product_cat-culturi-de-camp","product_cat-soia"],"_links":{"self":[{"href":"https:\/\/cncps.maia.gov.md\/ru\/wp-json\/wp\/v2\/product\/7413","targetHints":{"allow":["GET"]}}],"collection":[{"href":"https:\/\/cncps.maia.gov.md\/ru\/wp-json\/wp\/v2\/product"}],"about":[{"href":"https:\/\/cncps.maia.gov.md\/ru\/wp-json\/wp\/v2\/types\/product"}],"replies":[{"embeddable":true,"href":"https:\/\/cncps.maia.gov.md\/ru\/wp-json\/wp\/v2\/comments?post=7413"}],"wp:featuredmedia":[{"embeddable":true,"href":"https:\/\/cncps.maia.gov.md\/ru\/wp-json\/wp\/v2\/media\/7414"}],"wp:attachment":[{"href":"https:\/\/cncps.maia.gov.md\/ru\/wp-json\/wp\/v2\/media?parent=7413"}],"wp:term":[{"taxonomy":"product_cat","embeddable":true,"href":"https:\/\/cncps.maia.gov.md\/ru\/wp-json\/wp\/v2\/product_cat?post=7413"},{"taxonomy":"product_tag","embeddable":true,"href":"https:\/\/cncps.maia.gov.md\/ru\/wp-json\/wp\/v2\/product_tag?post=7413"}],"curies":[{"name":"wp","href":"https:\/\/api.w.org\/{rel}","templated":true}]}}