{"id":7409,"date":"2024-02-08T08:10:28","date_gmt":"2024-02-08T08:10:28","guid":{"rendered":"https:\/\/cncps.maia.gov.md\/?post_type=product&#038;p=7409"},"modified":"2024-02-08T13:42:12","modified_gmt":"2024-02-08T13:42:12","slug":"mei-soi-soiuz","status":"publish","type":"product","link":"https:\/\/cncps.maia.gov.md\/ru\/produs\/mei-soi-soiuz\/","title":{"rendered":"MEI \/ Soi SOIUZ"},"content":{"rendered":"<p><span style=\"color: #ff6600;\"><strong>MEI<\/strong><\/span><br \/>\n<span style=\"color: #ff6600;\"><strong>Soiul SOIUZ<\/strong><\/span><\/p>\n<p>Varietatea Coccinum. Soi de mei creat prin metoda selec\u021biei individuale repetate pe fond de infec\u021bie cu rasele de t\u0103ciune din popula\u021bia hibrid\u0103 (Blagodarnoe x B\u00eestroe) x [Orlovskoe 7 x (Orlovskoe7xVIR8751)]. Perioada medie de vegeta\u021bie constituie 85 zile. Talia medie a plantei 110 cm. Este rezistent la c\u0103dere, scuturare \u0219i secet\u0103. Boabele sunt de culoare ro\u015fie, rotunde. Masa medie a 1000 de boabe este de 7,8 g. Soi cu destina\u021bie alimentar\u0103. Calit\u0103\u021bile culinare \u015fi tehnologice sunt foarte bune. Randamentul crupei este de peste 80%. Con\u021binutul mediu de protein\u0103 constituie 12,7%. Poten\u021bialul genetic al produc\u021biei de boabe \u00een condi\u021biile \u00een condi\u021bii normale de cultivare constituie 5,6 t\/ha. Norma de sem\u0103nat: \u00een r\u00e2nduri obi\u015fnuite (15cm) este de 2,5\u20133,1 mil. boabe germinabile la ha; \u00een r\u00e2nduri distan\u021bate (45cm) \u2013 0,8\u20131,0 mil. boabe germinabile la ha.<\/p>\n<h4><em><strong>Omologat \u00een Republica Moldova din anul 2007.<\/strong><\/em><\/h4>\n","protected":false},"excerpt":{"rendered":"<p><strong>Varietatea Coccinum. Soi de mei creat prin metoda selec\u021biei individuale repetate pe fond de infec\u021bie cu rasele de t\u0103ciune din popula\u021bia hibrid\u0103 (Blagodarnoe x B\u00eestroe) x [Orlovskoe 7 x (Orlovskoe7xVIR8751)].<\/strong><\/p>\n","protected":false},"featured_media":7410,"comment_status":"closed","ping_status":"closed","template":"","meta":[],"product_cat":[118,115],"product_tag":[],"class_list":["post-7409","product","type-product","status-publish","has-post-thumbnail","hentry","product_cat-culturi-de-camp","product_cat-mei"],"_links":{"self":[{"href":"https:\/\/cncps.maia.gov.md\/ru\/wp-json\/wp\/v2\/product\/7409","targetHints":{"allow":["GET"]}}],"collection":[{"href":"https:\/\/cncps.maia.gov.md\/ru\/wp-json\/wp\/v2\/product"}],"about":[{"href":"https:\/\/cncps.maia.gov.md\/ru\/wp-json\/wp\/v2\/types\/product"}],"replies":[{"embeddable":true,"href":"https:\/\/cncps.maia.gov.md\/ru\/wp-json\/wp\/v2\/comments?post=7409"}],"wp:featuredmedia":[{"embeddable":true,"href":"https:\/\/cncps.maia.gov.md\/ru\/wp-json\/wp\/v2\/media\/7410"}],"wp:attachment":[{"href":"https:\/\/cncps.maia.gov.md\/ru\/wp-json\/wp\/v2\/media?parent=7409"}],"wp:term":[{"taxonomy":"product_cat","embeddable":true,"href":"https:\/\/cncps.maia.gov.md\/ru\/wp-json\/wp\/v2\/product_cat?post=7409"},{"taxonomy":"product_tag","embeddable":true,"href":"https:\/\/cncps.maia.gov.md\/ru\/wp-json\/wp\/v2\/product_tag?post=7409"}],"curies":[{"name":"wp","href":"https:\/\/api.w.org\/{rel}","templated":true}]}}