{"id":7405,"date":"2024-02-08T08:06:06","date_gmt":"2024-02-08T08:06:06","guid":{"rendered":"https:\/\/cncps.maia.gov.md\/?post_type=product&#038;p=7405"},"modified":"2024-02-08T13:40:05","modified_gmt":"2024-02-08T13:40:05","slug":"ovaz-de-primavara-soi-belor","status":"publish","type":"product","link":"https:\/\/cncps.maia.gov.md\/ru\/produs\/ovaz-de-primavara-soi-belor\/","title":{"rendered":"OV\u0102Z DE PRIM\u0102VAR\u0102 \/ Soi BELOR"},"content":{"rendered":"<p><strong><span style=\"color: #ff6600;\">OV\u0102Z DE PRIM\u0102VAR\u0102<\/span><\/strong><br \/>\n<strong><span style=\"color: #ff6600;\">Soiul BELOR<\/span><\/strong><\/p>\n<p>Varietatea Mutica. Soi semiintensiv, semitimpuriu. Perioada de vegeta\u021bie 108\u2013111 zile. \u00cen\u0103l\u021bimea plantei 85\u201390 cm. Rezisten\u021ba la c\u0103dere \u00eenalt\u0103. Masa a 1000 de boabe \u00een mediu \u2013 37,8 g. Rezisten\u021ba la secet\u0103 este \u00eenalt\u0103. Poten\u021bialul genetic al produc\u021biei de boabe 3,5\u20134,0 t\/ha. Epoca optim\u0103 de sem\u0103nat \u2013 prim\u0103vara, la prima posibilitate de ie\u0219ire \u00een c\u00e2mp, cu norma de \u00eens\u0103m\u00e2n\u021bare de 4,5 mil. boabe germinabile la hectar.<\/p>\n<h4><em><strong>\u00cenregistrat \u00een Republica Moldova din 2020.<\/strong><\/em><\/h4>\n","protected":false},"excerpt":{"rendered":"<p><em><strong>Varietatea Mutica. Soi semiintensiv, semitimpuriu.<\/strong><\/em><\/p>\n","protected":false},"featured_media":7406,"comment_status":"closed","ping_status":"closed","template":"","meta":[],"product_cat":[118,109],"product_tag":[],"class_list":["post-7405","product","type-product","status-publish","has-post-thumbnail","hentry","product_cat-culturi-de-camp","product_cat-ovaz"],"_links":{"self":[{"href":"https:\/\/cncps.maia.gov.md\/ru\/wp-json\/wp\/v2\/product\/7405","targetHints":{"allow":["GET"]}}],"collection":[{"href":"https:\/\/cncps.maia.gov.md\/ru\/wp-json\/wp\/v2\/product"}],"about":[{"href":"https:\/\/cncps.maia.gov.md\/ru\/wp-json\/wp\/v2\/types\/product"}],"replies":[{"embeddable":true,"href":"https:\/\/cncps.maia.gov.md\/ru\/wp-json\/wp\/v2\/comments?post=7405"}],"wp:featuredmedia":[{"embeddable":true,"href":"https:\/\/cncps.maia.gov.md\/ru\/wp-json\/wp\/v2\/media\/7406"}],"wp:attachment":[{"href":"https:\/\/cncps.maia.gov.md\/ru\/wp-json\/wp\/v2\/media?parent=7405"}],"wp:term":[{"taxonomy":"product_cat","embeddable":true,"href":"https:\/\/cncps.maia.gov.md\/ru\/wp-json\/wp\/v2\/product_cat?post=7405"},{"taxonomy":"product_tag","embeddable":true,"href":"https:\/\/cncps.maia.gov.md\/ru\/wp-json\/wp\/v2\/product_tag?post=7405"}],"curies":[{"name":"wp","href":"https:\/\/api.w.org\/{rel}","templated":true}]}}