{"id":7401,"date":"2024-02-08T08:03:12","date_gmt":"2024-02-08T08:03:12","guid":{"rendered":"https:\/\/cncps.maia.gov.md\/?post_type=product&#038;p=7401"},"modified":"2024-02-08T13:38:55","modified_gmt":"2024-02-08T13:38:55","slug":"orz-de-primavara-soi-ionel","status":"publish","type":"product","link":"https:\/\/cncps.maia.gov.md\/ru\/produs\/orz-de-primavara-soi-ionel\/","title":{"rendered":"ORZ DE PRIM\u0102VAR\u0102 \/ Soi IONEL"},"content":{"rendered":"<p><span style=\"color: #ff6600;\"><strong>ORZ DE PRIM\u0102VAR\u0102<\/strong><\/span><\/p>\n<p><span style=\"color: #ff6600;\"><strong>Soiul IONEL<\/strong><\/span><\/p>\n<p>Varietatea Nutans. Soi semiintensiv, semitimpuriu. Perioada de vegeta\u021bie este de 108\u2013112 zile. Plantele sunt de talie medie (68\u201373 cm). Rezisten\u021ba la c\u0103dere \u00eenalt\u0103. Masa a 1000 de boabe \u00een mediu \u2013 48,0 g. Con\u021binutul de proteine \u00een boabe este de 12,0%. Rezistent la c\u0103dere, secet\u0103 \u0219i maladii (rugin\u0103 brun\u0103, f\u0103inare \u0219i m\u0103lur\u0103). Poten\u021bialul genetic al produc\u021biei de boabe 4,0\u20135,0 t\/ha. Epoca optima de sem\u0103nat \u2013 prim\u0103vara, la prima posibilitate de ie\u015fire \u00een c\u00eemp, cu norma de \u00eens\u0103m\u00een\u021bare de 4,0\u20134,5 mil. boabe germinabile la hectar.<\/p>\n<p><em><strong>\u00cenregistrat \u00een Republica Moldova din 2002.<\/strong><\/em><\/p>\n","protected":false},"excerpt":{"rendered":"<p><em><strong>Varietatea Nutans. Soi semiintensiv, semitimpuriu.<\/strong><\/em><\/p>\n","protected":false},"featured_media":7402,"comment_status":"closed","ping_status":"closed","template":"","meta":[],"product_cat":[118,108],"product_tag":[],"class_list":["post-7401","product","type-product","status-publish","has-post-thumbnail","hentry","product_cat-culturi-de-camp","product_cat-orz"],"_links":{"self":[{"href":"https:\/\/cncps.maia.gov.md\/ru\/wp-json\/wp\/v2\/product\/7401","targetHints":{"allow":["GET"]}}],"collection":[{"href":"https:\/\/cncps.maia.gov.md\/ru\/wp-json\/wp\/v2\/product"}],"about":[{"href":"https:\/\/cncps.maia.gov.md\/ru\/wp-json\/wp\/v2\/types\/product"}],"replies":[{"embeddable":true,"href":"https:\/\/cncps.maia.gov.md\/ru\/wp-json\/wp\/v2\/comments?post=7401"}],"wp:featuredmedia":[{"embeddable":true,"href":"https:\/\/cncps.maia.gov.md\/ru\/wp-json\/wp\/v2\/media\/7402"}],"wp:attachment":[{"href":"https:\/\/cncps.maia.gov.md\/ru\/wp-json\/wp\/v2\/media?parent=7401"}],"wp:term":[{"taxonomy":"product_cat","embeddable":true,"href":"https:\/\/cncps.maia.gov.md\/ru\/wp-json\/wp\/v2\/product_cat?post=7401"},{"taxonomy":"product_tag","embeddable":true,"href":"https:\/\/cncps.maia.gov.md\/ru\/wp-json\/wp\/v2\/product_tag?post=7401"}],"curies":[{"name":"wp","href":"https:\/\/api.w.org\/{rel}","templated":true}]}}