{"id":7394,"date":"2024-02-08T08:00:34","date_gmt":"2024-02-08T08:00:34","guid":{"rendered":"https:\/\/cncps.maia.gov.md\/?post_type=product&#038;p=7394"},"modified":"2024-02-08T13:37:56","modified_gmt":"2024-02-08T13:37:56","slug":"orz-de-primavara-soi-orebel","status":"publish","type":"product","link":"https:\/\/cncps.maia.gov.md\/ru\/produs\/orz-de-primavara-soi-orebel\/","title":{"rendered":"ORZ DE PRIM\u0102VAR\u0102 \/ Soi OREBEL"},"content":{"rendered":"<p><span style=\"color: #ff6600;\"><strong>ORZ DE PRIM\u0102VAR\u0102<\/strong><\/span><br \/>\n<span style=\"color: #ff6600;\"><strong>Soiul OREBEL<\/strong><\/span><\/p>\n<h4>Varietatea Nutans. Soi de perspectiv\u0103, semiintensiv. Face parte din grupul plantelor cu precocitate semitimpurie. Perioada de vegeta\u021bie 104\u2013108 zile. \u00cen\u0103l\u021bimea plantei 65\u201370 cm. Rezisten\u021ba foarte bun\u0103 la c\u0103dere. Masa a 1000 de boabe \u00een mediu \u2013 49,0 g. Con\u021binutul de proteine \u00een boabe este de 12,4%. Rezisten\u021ba la secet\u0103 este \u00eenalt\u0103. Poten\u021bialul genetic al produc\u021biei de boabe 4,0\u20135,0 t\/ha. Epoca optim\u0103 de sem\u0103nat \u2013 prim\u0103vara, la prima posibilitate de ie\u015fire \u00een c\u00e2mp, cu norma de \u00eens\u0103m\u00e2n\u021bare de 4,0\u20134,5 mil. boabe germinabile la hectar.<\/h4>\n<h4><em><strong>Omologat \u00een Republica Moldova din 2021.<\/strong><\/em><\/h4>\n","protected":false},"excerpt":{"rendered":"<h4>Varietatea Nutans. Soi de perspectiv\u0103, semiintensiv.<\/h4>\n","protected":false},"featured_media":7395,"comment_status":"closed","ping_status":"closed","template":"","meta":[],"product_cat":[118,108],"product_tag":[],"class_list":["post-7394","product","type-product","status-publish","has-post-thumbnail","hentry","product_cat-culturi-de-camp","product_cat-orz"],"_links":{"self":[{"href":"https:\/\/cncps.maia.gov.md\/ru\/wp-json\/wp\/v2\/product\/7394","targetHints":{"allow":["GET"]}}],"collection":[{"href":"https:\/\/cncps.maia.gov.md\/ru\/wp-json\/wp\/v2\/product"}],"about":[{"href":"https:\/\/cncps.maia.gov.md\/ru\/wp-json\/wp\/v2\/types\/product"}],"replies":[{"embeddable":true,"href":"https:\/\/cncps.maia.gov.md\/ru\/wp-json\/wp\/v2\/comments?post=7394"}],"wp:featuredmedia":[{"embeddable":true,"href":"https:\/\/cncps.maia.gov.md\/ru\/wp-json\/wp\/v2\/media\/7395"}],"wp:attachment":[{"href":"https:\/\/cncps.maia.gov.md\/ru\/wp-json\/wp\/v2\/media?parent=7394"}],"wp:term":[{"taxonomy":"product_cat","embeddable":true,"href":"https:\/\/cncps.maia.gov.md\/ru\/wp-json\/wp\/v2\/product_cat?post=7394"},{"taxonomy":"product_tag","embeddable":true,"href":"https:\/\/cncps.maia.gov.md\/ru\/wp-json\/wp\/v2\/product_tag?post=7394"}],"curies":[{"name":"wp","href":"https:\/\/api.w.org\/{rel}","templated":true}]}}