{"id":7390,"date":"2024-02-08T07:58:05","date_gmt":"2024-02-08T07:58:05","guid":{"rendered":"https:\/\/cncps.maia.gov.md\/?post_type=product&#038;p=7390"},"modified":"2024-02-08T13:35:52","modified_gmt":"2024-02-08T13:35:52","slug":"orz-de-toamna-soi-radana","status":"publish","type":"product","link":"https:\/\/cncps.maia.gov.md\/ru\/produs\/orz-de-toamna-soi-radana\/","title":{"rendered":"ORZ DE TOAMN\u0102 \/ Soi RADANA"},"content":{"rendered":"<p><span style=\"color: #ff6600;\"><strong>ORZ DE TOAMN\u0102<\/strong><\/span><\/p>\n<p><span style=\"color: #ff6600;\"><strong>Soiul RADANA<\/strong><\/span><\/p>\n<p>Varietatea Pallidum. Se refer\u0103 la grupa soiurilor semiintensive. Tipul de dezvoltare de iarn\u0103. Poten\u021bialul genetic al produc\u021biei \u2013 8,0 t\/ha. Soi precoce. Perioada de vegeta\u021bie 208\u2013235 zile. \u00cen\u0103l\u021bimea medie a plantelor este de 70\u201380 cm. Masa a 1000 de boabe 44,7\u201345,7 g. Proteine \u00een boabe medie 12,6\u201313,7%. Rezisten\u021ba la secet\u0103 \u015fi iernare este \u00eenalt\u0103. Epoca optim\u0103 de sem\u0103nat \u2013 I \u015fi II decad\u0103 a lunii octombrie cu norma de sem\u0103nat de 4,0\u20134,5 mil. boabe germinabile la hectar.<\/p>\n<h4><strong><em>\u00cenregistrat \u00een Republica Moldova din 2018.<\/em><\/strong><\/h4>\n","protected":false},"excerpt":{"rendered":"<p><strong>Varietatea Pallidum. Se refer\u0103 la grupa soiurilor semiintensive.<\/strong><\/p>\n","protected":false},"featured_media":7391,"comment_status":"closed","ping_status":"closed","template":"","meta":[],"product_cat":[118,108],"product_tag":[],"class_list":["post-7390","product","type-product","status-publish","has-post-thumbnail","hentry","product_cat-culturi-de-camp","product_cat-orz"],"_links":{"self":[{"href":"https:\/\/cncps.maia.gov.md\/ru\/wp-json\/wp\/v2\/product\/7390","targetHints":{"allow":["GET"]}}],"collection":[{"href":"https:\/\/cncps.maia.gov.md\/ru\/wp-json\/wp\/v2\/product"}],"about":[{"href":"https:\/\/cncps.maia.gov.md\/ru\/wp-json\/wp\/v2\/types\/product"}],"replies":[{"embeddable":true,"href":"https:\/\/cncps.maia.gov.md\/ru\/wp-json\/wp\/v2\/comments?post=7390"}],"wp:featuredmedia":[{"embeddable":true,"href":"https:\/\/cncps.maia.gov.md\/ru\/wp-json\/wp\/v2\/media\/7391"}],"wp:attachment":[{"href":"https:\/\/cncps.maia.gov.md\/ru\/wp-json\/wp\/v2\/media?parent=7390"}],"wp:term":[{"taxonomy":"product_cat","embeddable":true,"href":"https:\/\/cncps.maia.gov.md\/ru\/wp-json\/wp\/v2\/product_cat?post=7390"},{"taxonomy":"product_tag","embeddable":true,"href":"https:\/\/cncps.maia.gov.md\/ru\/wp-json\/wp\/v2\/product_tag?post=7390"}],"curies":[{"name":"wp","href":"https:\/\/api.w.org\/{rel}","templated":true}]}}