{"id":7382,"date":"2024-02-08T07:51:36","date_gmt":"2024-02-08T07:51:36","guid":{"rendered":"https:\/\/cncps.maia.gov.md\/?post_type=product&#038;p=7382"},"modified":"2024-02-08T13:33:36","modified_gmt":"2024-02-08T13:33:36","slug":"orz-de-toamna-soi-excelent","status":"publish","type":"product","link":"https:\/\/cncps.maia.gov.md\/ru\/produs\/orz-de-toamna-soi-excelent\/","title":{"rendered":"ORZ DE TOAMN\u0102 \/ Soi EXCELENT"},"content":{"rendered":"<p><span style=\"color: #ff6600;\"><strong>ORZ DE TOAMN\u0102<\/strong><\/span><br \/>\n<span style=\"color: #ff6600;\"><strong>Soiul EXCELENT<\/strong><\/span><\/p>\n<p>Varietatea Pallidum. Se refer\u0103 la grupa soiurilor semiintensive. Tipul de dezvoltare de iarn\u0103. Poten\u021bialul genetic al produc\u021biei este de 7,0\u20138,0 t\/ha. Perioada de vegeta\u021bie 212\u2013242 zile. \u00cen\u0103l\u021bimea plantei medie 70\u201399 cm. Masa a 1000 de boabe 44,2\u201350,8 g. Proteine \u00een boabe medie 12,8\u201313,7%. Rezisten\u021ba la secet\u0103 \u015fi iernare este \u00eenalt\u0103. Epoca optima de sem\u0103nat \u2013 I \u015fi II decad\u0103 a lunii octombrie cu norma de sem\u0103nat de 4,0\u20134,5 mil. boabe germinabile la hectar.<\/p>\n<p><strong><em>\u00cenregistrat \u00een Catalogul soiurilor de plante al R. Moldova din 2013.<\/em><\/strong><\/p>\n","protected":false},"excerpt":{"rendered":"<h4><strong>Varietatea Pallidum. Se refer\u0103 la grupa soiurilor semiintensive.<\/strong><\/h4>\n","protected":false},"featured_media":7383,"comment_status":"closed","ping_status":"closed","template":"","meta":[],"product_cat":[118,108],"product_tag":[],"class_list":["post-7382","product","type-product","status-publish","has-post-thumbnail","hentry","product_cat-culturi-de-camp","product_cat-orz"],"_links":{"self":[{"href":"https:\/\/cncps.maia.gov.md\/ru\/wp-json\/wp\/v2\/product\/7382","targetHints":{"allow":["GET"]}}],"collection":[{"href":"https:\/\/cncps.maia.gov.md\/ru\/wp-json\/wp\/v2\/product"}],"about":[{"href":"https:\/\/cncps.maia.gov.md\/ru\/wp-json\/wp\/v2\/types\/product"}],"replies":[{"embeddable":true,"href":"https:\/\/cncps.maia.gov.md\/ru\/wp-json\/wp\/v2\/comments?post=7382"}],"wp:featuredmedia":[{"embeddable":true,"href":"https:\/\/cncps.maia.gov.md\/ru\/wp-json\/wp\/v2\/media\/7383"}],"wp:attachment":[{"href":"https:\/\/cncps.maia.gov.md\/ru\/wp-json\/wp\/v2\/media?parent=7382"}],"wp:term":[{"taxonomy":"product_cat","embeddable":true,"href":"https:\/\/cncps.maia.gov.md\/ru\/wp-json\/wp\/v2\/product_cat?post=7382"},{"taxonomy":"product_tag","embeddable":true,"href":"https:\/\/cncps.maia.gov.md\/ru\/wp-json\/wp\/v2\/product_tag?post=7382"}],"curies":[{"name":"wp","href":"https:\/\/api.w.org\/{rel}","templated":true}]}}