{"id":7499,"date":"2024-02-08T09:40:38","date_gmt":"2024-02-08T09:40:38","guid":{"rendered":"https:\/\/cncps.maia.gov.md\/?post_type=product&#038;p=7499"},"modified":"2024-02-08T09:41:25","modified_gmt":"2024-02-08T09:41:25","slug":"sorg-porumbeni-8","status":"publish","type":"product","link":"https:\/\/cncps.maia.gov.md\/en\/produs\/sorg-porumbeni-8\/","title":{"rendered":"SORG \/ Porumbeni 8"},"content":{"rendered":"<p><strong><span style=\"color: #ff6600;\">SORG<\/span><\/strong><\/p>\n<p><strong><span style=\"color: #ff6600;\">Porumbeni 8<\/span><\/strong><\/p>\n<p>Hibrid de sorg pentru boabe de precocitate medie.<br \/>\nPerioada de vegeta\u021bie 104 -110 zile. Planta cu \u00een\u0103l\u021bimea de 110-125 cm, 9-10 nodozit\u0103\u021bi. Paniculul este erect, alungit, semicompact, la maturitate de o culoare cafeniu-deschis\u0103. Boabele con\u021bin 10-12,8% protein\u0103, 69,1-74,8% amidon, 3,3-4,8% gr\u0103sime. Densitatea optim\u0103 de cultivare 180-200 mii plante la ha. Productivitatea medie de boabe constituie 8,5 t\/ha. Norma de sem\u0103nat 6-8kg\/ha. Rezistent la c\u0103dere, boli \u0219i d\u0103un\u0103tori. Hibridul se cultiv\u0103 \u0219i se recolteaz\u0103 mecanizat.<\/p>\n<h4><em><strong>Omologat \u00een Republica Moldova.<\/strong><\/em><\/h4>\n","protected":false},"excerpt":{"rendered":"<p><strong>Hibrid de sorg pentru boabe de precocitate medie.<\/strong><\/p>\n","protected":false},"featured_media":7503,"comment_status":"closed","ping_status":"closed","template":"","meta":[],"product_cat":[54],"product_tag":[],"class_list":["post-7499","product","type-product","status-publish","has-post-thumbnail","hentry","product_cat-sorg-pentru-boabe-si-senaj"],"_links":{"self":[{"href":"https:\/\/cncps.maia.gov.md\/en\/wp-json\/wp\/v2\/product\/7499","targetHints":{"allow":["GET"]}}],"collection":[{"href":"https:\/\/cncps.maia.gov.md\/en\/wp-json\/wp\/v2\/product"}],"about":[{"href":"https:\/\/cncps.maia.gov.md\/en\/wp-json\/wp\/v2\/types\/product"}],"replies":[{"embeddable":true,"href":"https:\/\/cncps.maia.gov.md\/en\/wp-json\/wp\/v2\/comments?post=7499"}],"wp:featuredmedia":[{"embeddable":true,"href":"https:\/\/cncps.maia.gov.md\/en\/wp-json\/wp\/v2\/media\/7503"}],"wp:attachment":[{"href":"https:\/\/cncps.maia.gov.md\/en\/wp-json\/wp\/v2\/media?parent=7499"}],"wp:term":[{"taxonomy":"product_cat","embeddable":true,"href":"https:\/\/cncps.maia.gov.md\/en\/wp-json\/wp\/v2\/product_cat?post=7499"},{"taxonomy":"product_tag","embeddable":true,"href":"https:\/\/cncps.maia.gov.md\/en\/wp-json\/wp\/v2\/product_tag?post=7499"}],"curies":[{"name":"wp","href":"https:\/\/api.w.org\/{rel}","templated":true}]}}