{"id":7478,"date":"2024-02-08T09:06:48","date_gmt":"2024-02-08T09:06:48","guid":{"rendered":"https:\/\/cncps.maia.gov.md\/?post_type=product&#038;p=7478"},"modified":"2024-02-08T13:57:00","modified_gmt":"2024-02-08T13:57:00","slug":"floarea-soarelui-hibrid-hs-9729","status":"publish","type":"product","link":"https:\/\/cncps.maia.gov.md\/en\/produs\/floarea-soarelui-hibrid-hs-9729\/","title":{"rendered":"FLOAREA-SOARELUI \/ Hibrid HS-9729"},"content":{"rendered":"<p><span style=\"color: #ff6600;\"><strong>Floarea-Soarelui<\/strong><\/span><\/p>\n<p><span style=\"color: #ff6600;\"><strong>Hibrid HS-9729<\/strong><\/span><\/p>\n<p>Hibrid simplu. Perioada de vegeta\u0163ie 104-108 zile.<br \/>\n\u00cen\u0103l\u021bimea plantelor: 160-180 cm. Con\u0163inutul de coji este de 20-22%, gr\u0103sime \u00een semin\u021be 50-<br \/>\n54%. Masa a 1000 semin\u021be este 65-75 g. Poten\u021bialul de produc\u021bie 3,6-5,2 t\/ha semin\u021be \u0219i 1,6 &#8211; 2,2<br \/>\nt\/ha ulei. Caracteristica specific\u0103 a hibridului HS-9729 este rezisten\u021ba la noile rase agresive<br \/>\nde lupoaie.<\/p>\n<h4><strong><em>Omologat \u00een Republica Moldova din 2007.<\/em><\/strong><\/h4>\n","protected":false},"excerpt":{"rendered":"<p><em><strong>Hibrid simplu.<\/strong><\/em><\/p>\n","protected":false},"featured_media":7479,"comment_status":"closed","ping_status":"closed","template":"","meta":[],"product_cat":[118,110],"product_tag":[],"class_list":["post-7478","product","type-product","status-publish","has-post-thumbnail","hentry","product_cat-culturi-de-camp","product_cat-floarea-soarelui"],"_links":{"self":[{"href":"https:\/\/cncps.maia.gov.md\/en\/wp-json\/wp\/v2\/product\/7478","targetHints":{"allow":["GET"]}}],"collection":[{"href":"https:\/\/cncps.maia.gov.md\/en\/wp-json\/wp\/v2\/product"}],"about":[{"href":"https:\/\/cncps.maia.gov.md\/en\/wp-json\/wp\/v2\/types\/product"}],"replies":[{"embeddable":true,"href":"https:\/\/cncps.maia.gov.md\/en\/wp-json\/wp\/v2\/comments?post=7478"}],"wp:featuredmedia":[{"embeddable":true,"href":"https:\/\/cncps.maia.gov.md\/en\/wp-json\/wp\/v2\/media\/7479"}],"wp:attachment":[{"href":"https:\/\/cncps.maia.gov.md\/en\/wp-json\/wp\/v2\/media?parent=7478"}],"wp:term":[{"taxonomy":"product_cat","embeddable":true,"href":"https:\/\/cncps.maia.gov.md\/en\/wp-json\/wp\/v2\/product_cat?post=7478"},{"taxonomy":"product_tag","embeddable":true,"href":"https:\/\/cncps.maia.gov.md\/en\/wp-json\/wp\/v2\/product_tag?post=7478"}],"curies":[{"name":"wp","href":"https:\/\/api.w.org\/{rel}","templated":true}]}}