{"id":7458,"date":"2024-02-08T08:51:34","date_gmt":"2024-02-08T08:51:34","guid":{"rendered":"https:\/\/cncps.maia.gov.md\/?post_type=product&#038;p=7458"},"modified":"2024-02-08T13:52:09","modified_gmt":"2024-02-08T13:52:09","slug":"lucerna-soi-medisa","status":"publish","type":"product","link":"https:\/\/cncps.maia.gov.md\/en\/produs\/lucerna-soi-medisa\/","title":{"rendered":"LUCERN\u0102 \/ Soi MEDISA"},"content":{"rendered":"<p><span style=\"color: #ff6600;\"><strong>LUCERN\u0102<\/strong><\/span><br \/>\n<span style=\"color: #ff6600;\"><strong>Soiul MEDISA<\/strong><\/span><\/p>\n<p>Perioada de vegeta\u021bie 100 \u2013 117 zile. \u00cenceputul \u00eenfloritului timpuriu. Tipul de cre\u0219tere semierect \u00een primul an de dezvoltare. \u00cen\u0103l\u021bimea plantei la o lun\u0103 dup\u0103 \u00eenceputul cre\u0219terii \u0219i la trei s\u0103pt\u0103m\u00e2ni dup\u0103 primele 3 coase este medie. Culoarea florilor predominant violet \u00eenchis\u0103.<br \/>\nProduc\u021bia poten\u021bial\u0103: mas\u0103 verde 33 \u2013 35 t\/ha, f\u00e2n 8 \u2013 10 t\/ha \u0219i semin\u021be 0,2 \u2013 0,3 t\/ha. Con\u021binut de protein\u0103 \u00een f\u00e2n 17 \u2013 19%.<\/p>\n<h4><em><strong>\u00cenregistrat \u00een Republica Moldova din anul 2003.<\/strong><\/em><\/h4>\n","protected":false},"excerpt":{"rendered":"<p>LUCERN\u0102 Soiul MEDISA Perioada de vegeta\u021bie 100 \u2013 117 zile. \u00cenceputul \u00eenfloritului timpuriu. Tipul de cre\u0219tere semierect \u00een primul an<\/p>\n","protected":false},"featured_media":7459,"comment_status":"closed","ping_status":"closed","template":"","meta":[],"product_cat":[118,116],"product_tag":[],"class_list":["post-7458","product","type-product","status-publish","has-post-thumbnail","hentry","product_cat-culturi-de-camp","product_cat-lucerna"],"_links":{"self":[{"href":"https:\/\/cncps.maia.gov.md\/en\/wp-json\/wp\/v2\/product\/7458","targetHints":{"allow":["GET"]}}],"collection":[{"href":"https:\/\/cncps.maia.gov.md\/en\/wp-json\/wp\/v2\/product"}],"about":[{"href":"https:\/\/cncps.maia.gov.md\/en\/wp-json\/wp\/v2\/types\/product"}],"replies":[{"embeddable":true,"href":"https:\/\/cncps.maia.gov.md\/en\/wp-json\/wp\/v2\/comments?post=7458"}],"wp:featuredmedia":[{"embeddable":true,"href":"https:\/\/cncps.maia.gov.md\/en\/wp-json\/wp\/v2\/media\/7459"}],"wp:attachment":[{"href":"https:\/\/cncps.maia.gov.md\/en\/wp-json\/wp\/v2\/media?parent=7458"}],"wp:term":[{"taxonomy":"product_cat","embeddable":true,"href":"https:\/\/cncps.maia.gov.md\/en\/wp-json\/wp\/v2\/product_cat?post=7458"},{"taxonomy":"product_tag","embeddable":true,"href":"https:\/\/cncps.maia.gov.md\/en\/wp-json\/wp\/v2\/product_tag?post=7458"}],"curies":[{"name":"wp","href":"https:\/\/api.w.org\/{rel}","templated":true}]}}