{"id":7451,"date":"2024-02-08T08:35:56","date_gmt":"2024-02-08T08:35:56","guid":{"rendered":"https:\/\/cncps.maia.gov.md\/?post_type=product&#038;p=7451"},"modified":"2024-02-08T13:51:14","modified_gmt":"2024-02-08T13:51:14","slug":"mazariche-de-primavara-soi-lorina","status":"publish","type":"product","link":"https:\/\/cncps.maia.gov.md\/en\/produs\/mazariche-de-primavara-soi-lorina\/","title":{"rendered":"M\u0102Z\u0102RICHE DE PRIM\u0102VAR\u0102 \/ Soi LORINA"},"content":{"rendered":"<p><span style=\"color: #ff6600;\"><strong>M\u0102Z\u0102RICHE DE PRIM\u0102VAR\u0102<\/strong><\/span><br \/>\n<span style=\"color: #ff6600;\"><strong>Soiul LORINA<\/strong><\/span><\/p>\n<p>Perioada de vegeta\u021bie 100 \u2013 105 zile. Plant\u0103 de \u00een\u0103l\u021bime medie cu culoare antocian la baza tulpinii puternic pronun\u021bat\u0103 \u0219i frunze cu intensitatea medie a culorii verzi. Floarea violet deschis\u0103. Se caracterizeaz\u0103 cu p\u0103st\u0103i medii dup\u0103 lungime \u0219i num\u0103rul de ovule,<br \/>\nsemin\u021be mici globulare de culoare brun\u0103 la baza tegumentului. Masa a 1000 boabe constituie 55 \u2013 59 g. Produc\u021bia poten\u021bial\u0103: mas\u0103 verde 36 \u2013 40 t\/ha, f\u00e2n 6 \u2013 6,2 t\/ha \u0219i boabe 3 \u2013 3,2 t\/ha. Con\u021binut de protein\u0103 \u00een f\u00e2n 18 \u2013 20%.<\/p>\n<h4><em><strong>\u00cenregistrat \u00een Republica Moldova din 2006.<\/strong><\/em><\/h4>\n","protected":false},"excerpt":{"rendered":"<p>M\u0102Z\u0102RICHE DE PRIM\u0102VAR\u0102 Soiul LORINA Perioada de vegeta\u021bie 100 \u2013 105 zile. Plant\u0103 de \u00een\u0103l\u021bime medie cu culoare antocian la<\/p>\n","protected":false},"featured_media":7452,"comment_status":"closed","ping_status":"closed","template":"","meta":[],"product_cat":[118,114],"product_tag":[],"class_list":["post-7451","product","type-product","status-publish","has-post-thumbnail","hentry","product_cat-culturi-de-camp","product_cat-mazariche"],"_links":{"self":[{"href":"https:\/\/cncps.maia.gov.md\/en\/wp-json\/wp\/v2\/product\/7451","targetHints":{"allow":["GET"]}}],"collection":[{"href":"https:\/\/cncps.maia.gov.md\/en\/wp-json\/wp\/v2\/product"}],"about":[{"href":"https:\/\/cncps.maia.gov.md\/en\/wp-json\/wp\/v2\/types\/product"}],"replies":[{"embeddable":true,"href":"https:\/\/cncps.maia.gov.md\/en\/wp-json\/wp\/v2\/comments?post=7451"}],"wp:featuredmedia":[{"embeddable":true,"href":"https:\/\/cncps.maia.gov.md\/en\/wp-json\/wp\/v2\/media\/7452"}],"wp:attachment":[{"href":"https:\/\/cncps.maia.gov.md\/en\/wp-json\/wp\/v2\/media?parent=7451"}],"wp:term":[{"taxonomy":"product_cat","embeddable":true,"href":"https:\/\/cncps.maia.gov.md\/en\/wp-json\/wp\/v2\/product_cat?post=7451"},{"taxonomy":"product_tag","embeddable":true,"href":"https:\/\/cncps.maia.gov.md\/en\/wp-json\/wp\/v2\/product_tag?post=7451"}],"curies":[{"name":"wp","href":"https:\/\/api.w.org\/{rel}","templated":true}]}}