{"id":7447,"date":"2024-02-08T08:32:36","date_gmt":"2024-02-08T08:32:36","guid":{"rendered":"https:\/\/cncps.maia.gov.md\/?post_type=product&#038;p=7447"},"modified":"2024-02-08T13:49:23","modified_gmt":"2024-02-08T13:49:23","slug":"mazariche-de-toamna-soi-viola","status":"publish","type":"product","link":"https:\/\/cncps.maia.gov.md\/en\/produs\/mazariche-de-toamna-soi-viola\/","title":{"rendered":"M\u0102ZARICHE DE TOAMN\u0102 \/ Soi VIOLA"},"content":{"rendered":"<p><span style=\"color: #ff6600;\"><strong>M\u0102ZARICHE DE TOAMN\u0102<\/strong><\/span><br \/>\n<span style=\"color: #ff6600;\"><strong>Soiul VIOLA<\/strong><\/span><\/p>\n<p>Perioada de vegeta\u021bie 300 \u2013 305 zile. Produc\u021bia poten\u021bial\u0103 mas\u0103 verde 50 \u2013 52 t\/ha, f\u00e2n 8,9 \u2013 9,9 t\/ha, boabe 0,8 \u2013 0,9 t\/ha. Con\u021binut de protein\u0103 \u00een f\u00e2n 20 \u2013 26%. Masa a 1000 boabe constituie 28 \u2013 30 g.<\/p>\n<h4><em><strong>\u00cenregistrat \u00een Republica Moldova din 2000.<\/strong><\/em><\/h4>\n","protected":false},"excerpt":{"rendered":"<p>M\u0102ZARICHE DE TOAMN\u0102 Soiul VIOLA Perioada de vegeta\u021bie 300 \u2013 305 zile. Produc\u021bia poten\u021bial\u0103 mas\u0103 verde 50 \u2013 52 t\/ha,<\/p>\n","protected":false},"featured_media":7448,"comment_status":"closed","ping_status":"closed","template":"","meta":[],"product_cat":[118,114],"product_tag":[],"class_list":["post-7447","product","type-product","status-publish","has-post-thumbnail","hentry","product_cat-culturi-de-camp","product_cat-mazariche"],"_links":{"self":[{"href":"https:\/\/cncps.maia.gov.md\/en\/wp-json\/wp\/v2\/product\/7447","targetHints":{"allow":["GET"]}}],"collection":[{"href":"https:\/\/cncps.maia.gov.md\/en\/wp-json\/wp\/v2\/product"}],"about":[{"href":"https:\/\/cncps.maia.gov.md\/en\/wp-json\/wp\/v2\/types\/product"}],"replies":[{"embeddable":true,"href":"https:\/\/cncps.maia.gov.md\/en\/wp-json\/wp\/v2\/comments?post=7447"}],"wp:featuredmedia":[{"embeddable":true,"href":"https:\/\/cncps.maia.gov.md\/en\/wp-json\/wp\/v2\/media\/7448"}],"wp:attachment":[{"href":"https:\/\/cncps.maia.gov.md\/en\/wp-json\/wp\/v2\/media?parent=7447"}],"wp:term":[{"taxonomy":"product_cat","embeddable":true,"href":"https:\/\/cncps.maia.gov.md\/en\/wp-json\/wp\/v2\/product_cat?post=7447"},{"taxonomy":"product_tag","embeddable":true,"href":"https:\/\/cncps.maia.gov.md\/en\/wp-json\/wp\/v2\/product_tag?post=7447"}],"curies":[{"name":"wp","href":"https:\/\/api.w.org\/{rel}","templated":true}]}}