{"id":7427,"date":"2024-02-08T08:20:47","date_gmt":"2024-02-08T08:20:47","guid":{"rendered":"https:\/\/cncps.maia.gov.md\/?post_type=product&#038;p=7427"},"modified":"2024-02-08T13:45:26","modified_gmt":"2024-02-08T13:45:26","slug":"soia-soi-viorela","status":"publish","type":"product","link":"https:\/\/cncps.maia.gov.md\/en\/produs\/soia-soi-viorela\/","title":{"rendered":"SOIA \/ Soi VIORELA"},"content":{"rendered":"<p><span style=\"color: #993300;\"><strong>SOIA<\/strong><\/span><\/p>\n<p><span style=\"color: #993300;\"><strong>Soiul VIORELA<\/strong><\/span><\/p>\n<h4>Soiul are tulpin\u0103 erect\u0103 cu tuf\u0103 compact\u0103, tipul de cre\u0219tere &#8211; nedeterminat. Planta este \u00eenalt\u0103 de 95 cm, acoperit\u0103 cu peri\u0219ori albi. Frunzele au foliole \u00eenguste, de culoare verde-deschis. Florile sunt de culoare alb\u0103. P\u0103staia este curbat\u0103 cu v\u00e2rf ascu\u021bit. Este un soi semitimpuriu, perioada de vegeta\u021bie cuprins\u0103 de 120 zile \u0219i face parte din grupa de maturitate mijlocie. Este rezistent la secet\u0103, c\u0103dere \u0219i scuturarea. Con\u021binutul \u00een protein\u0103 a bobului este 39,0 %, iar \u00een gr\u0103simi de 19,8 %. S-a remarcat ca un soi productiv, poten\u021bialul de produc\u021bie este 3,2 \u2013 3,5 t\/ha.<\/h4>\n<h4><em>\u00cenregistrat \u00een Republica Moldova din anul 2023.<\/em><\/h4>\n","protected":false},"excerpt":{"rendered":"<p><strong>Soiul are tulpin\u0103 erect\u0103 cu tuf\u0103 compact\u0103, tipul de cre\u0219tere &#8211; nedeterminat.<\/strong><\/p>\n","protected":false},"featured_media":7428,"comment_status":"closed","ping_status":"closed","template":"","meta":[],"product_cat":[118,111],"product_tag":[],"class_list":["post-7427","product","type-product","status-publish","has-post-thumbnail","hentry","product_cat-culturi-de-camp","product_cat-soia"],"_links":{"self":[{"href":"https:\/\/cncps.maia.gov.md\/en\/wp-json\/wp\/v2\/product\/7427","targetHints":{"allow":["GET"]}}],"collection":[{"href":"https:\/\/cncps.maia.gov.md\/en\/wp-json\/wp\/v2\/product"}],"about":[{"href":"https:\/\/cncps.maia.gov.md\/en\/wp-json\/wp\/v2\/types\/product"}],"replies":[{"embeddable":true,"href":"https:\/\/cncps.maia.gov.md\/en\/wp-json\/wp\/v2\/comments?post=7427"}],"wp:featuredmedia":[{"embeddable":true,"href":"https:\/\/cncps.maia.gov.md\/en\/wp-json\/wp\/v2\/media\/7428"}],"wp:attachment":[{"href":"https:\/\/cncps.maia.gov.md\/en\/wp-json\/wp\/v2\/media?parent=7427"}],"wp:term":[{"taxonomy":"product_cat","embeddable":true,"href":"https:\/\/cncps.maia.gov.md\/en\/wp-json\/wp\/v2\/product_cat?post=7427"},{"taxonomy":"product_tag","embeddable":true,"href":"https:\/\/cncps.maia.gov.md\/en\/wp-json\/wp\/v2\/product_tag?post=7427"}],"curies":[{"name":"wp","href":"https:\/\/api.w.org\/{rel}","templated":true}]}}