{"id":7420,"date":"2024-02-08T08:17:45","date_gmt":"2024-02-08T08:17:45","guid":{"rendered":"https:\/\/cncps.maia.gov.md\/?post_type=product&#038;p=7420"},"modified":"2024-02-08T13:43:27","modified_gmt":"2024-02-08T13:43:27","slug":"soia-soi-moldovita","status":"publish","type":"product","link":"https:\/\/cncps.maia.gov.md\/en\/produs\/soia-soi-moldovita\/","title":{"rendered":"SOIA \/ Soi MOLDOVI\u021aA"},"content":{"rendered":"<p><span style=\"color: #ff6600;\"><strong>SOIA<\/strong><\/span><\/p>\n<p><span style=\"color: #ff6600;\"><strong>Soiul MOLDOVI\u021aA<\/strong><\/span><\/p>\n<p>Soi semitimpuriu cu perioada de vegeta\u021bie 118 \u2013 122 zile. Grupa de maturitate mijlocie. Se caracterizeaz\u0103 cu plant\u0103 de \u00een\u0103l\u021bime medie cu tipul de cre\u0219tere semideterminat spre determinat. Posed\u0103 tulpin\u0103 erect\u0103 cu peri\u0219ori de culoare sur\u0103. Forma frunzei lanceolat\u0103 de culoare verde deschis\u0103. Floarea violet\u0103. P\u0103staia la maturitatea tehnic\u0103 brun deschis\u0103. Bobul galben suriu cu forma sferical aplanat\u0103, de m\u0103rime medie, masa a 1000 boabe constituie 160 \u2013 170 g. Poten\u021bialul de produc\u021bie 3,5 \u2013 3,8 t\/ha. Con\u021binut de: protein\u0103 37\u2013 40%, ulei 19 \u2013 20%. Destina\u021bie \u2013 furaj. Epoca de maturitate timpuriu spre medie Rezistent la c\u0103dere, scuturarea boabelor \u0219i secet\u0103.<\/p>\n<h4><em><strong>\u00cenregistrat \u00een Republica Moldova din 2016.<\/strong><\/em><\/h4>\n","protected":false},"excerpt":{"rendered":"<p><em><strong>Soi semitimpuriu.<\/strong><\/em><\/p>\n","protected":false},"featured_media":7421,"comment_status":"closed","ping_status":"closed","template":"","meta":[],"product_cat":[118,111],"product_tag":[],"class_list":["post-7420","product","type-product","status-publish","has-post-thumbnail","hentry","product_cat-culturi-de-camp","product_cat-soia"],"_links":{"self":[{"href":"https:\/\/cncps.maia.gov.md\/en\/wp-json\/wp\/v2\/product\/7420","targetHints":{"allow":["GET"]}}],"collection":[{"href":"https:\/\/cncps.maia.gov.md\/en\/wp-json\/wp\/v2\/product"}],"about":[{"href":"https:\/\/cncps.maia.gov.md\/en\/wp-json\/wp\/v2\/types\/product"}],"replies":[{"embeddable":true,"href":"https:\/\/cncps.maia.gov.md\/en\/wp-json\/wp\/v2\/comments?post=7420"}],"wp:featuredmedia":[{"embeddable":true,"href":"https:\/\/cncps.maia.gov.md\/en\/wp-json\/wp\/v2\/media\/7421"}],"wp:attachment":[{"href":"https:\/\/cncps.maia.gov.md\/en\/wp-json\/wp\/v2\/media?parent=7420"}],"wp:term":[{"taxonomy":"product_cat","embeddable":true,"href":"https:\/\/cncps.maia.gov.md\/en\/wp-json\/wp\/v2\/product_cat?post=7420"},{"taxonomy":"product_tag","embeddable":true,"href":"https:\/\/cncps.maia.gov.md\/en\/wp-json\/wp\/v2\/product_tag?post=7420"}],"curies":[{"name":"wp","href":"https:\/\/api.w.org\/{rel}","templated":true}]}}