{"id":7368,"date":"2024-02-07T13:46:58","date_gmt":"2024-02-07T13:46:58","guid":{"rendered":"https:\/\/cncps.maia.gov.md\/?post_type=product&#038;p=7368"},"modified":"2024-02-09T08:46:59","modified_gmt":"2024-02-09T08:46:59","slug":"grau-comun-de-toamna-soi-fenix","status":"publish","type":"product","link":"https:\/\/cncps.maia.gov.md\/en\/produs\/grau-comun-de-toamna-soi-fenix\/","title":{"rendered":"GR\u00c2U COMUN DE TOAMN\u0102 \/ Soi FENIX"},"content":{"rendered":"<p><span style=\"color: #993300;\"><strong>Soiul FENIX<\/strong><\/span><\/p>\n<p>Varietatea Erythrospermum.<br \/>\nSoi timpuriu, face parte din grupul ecologic de step\u0103 a soiurilor de tip intensiv. Perioada de vegeta\u021bie este de 262-268 zile. Talia medie a plantei este 86 cm, cu rezisten\u021b\u0103 bun\u0103 la c\u0103dere. Masa medie a 1000 de boabe este 39 g. Manifest\u0103 toleran\u021b\u0103 la secet\u0103, rezisten\u021ba \u00eenalt\u0103 la ger \u0219i principalele boli (f\u0103inare, rugin\u0103 brun\u0103, fuzarioz\u0103 \u0219i putregaiul r\u0103d\u0103cinii). Con\u021binutul mediu de proteine \u00een boabe este de 12,0 %, con\u021binutul mediu de gluten brut \u2013 27,0 %. Poten\u021bialul genetic al produc\u021biei de boabe \u00een condi\u021biile din stepa B\u0103l\u021bului constituie 8,7 t\/ha. Se recomand\u0103 pentru cultivare pe agrofonduri mai s\u0103race, poate fi cultivat \u00een toate<br \/>\nzonele R. Moldova, cu norma de \u00eens\u0103m\u00e2n\u021bare<br \/>\n5,0-5,5 mil. boabe germinabile la ha.<br \/>\nOmologat<\/p>\n","protected":false},"excerpt":{"rendered":"<p><strong>Varietatea Erythrospermum. Soi timpuriu.<\/strong><\/p>\n","protected":false},"featured_media":7372,"comment_status":"closed","ping_status":"closed","template":"","meta":[],"product_cat":[118,107],"product_tag":[],"class_list":["post-7368","product","type-product","status-publish","has-post-thumbnail","hentry","product_cat-culturi-de-camp","product_cat-grau"],"_links":{"self":[{"href":"https:\/\/cncps.maia.gov.md\/en\/wp-json\/wp\/v2\/product\/7368","targetHints":{"allow":["GET"]}}],"collection":[{"href":"https:\/\/cncps.maia.gov.md\/en\/wp-json\/wp\/v2\/product"}],"about":[{"href":"https:\/\/cncps.maia.gov.md\/en\/wp-json\/wp\/v2\/types\/product"}],"replies":[{"embeddable":true,"href":"https:\/\/cncps.maia.gov.md\/en\/wp-json\/wp\/v2\/comments?post=7368"}],"wp:featuredmedia":[{"embeddable":true,"href":"https:\/\/cncps.maia.gov.md\/en\/wp-json\/wp\/v2\/media\/7372"}],"wp:attachment":[{"href":"https:\/\/cncps.maia.gov.md\/en\/wp-json\/wp\/v2\/media?parent=7368"}],"wp:term":[{"taxonomy":"product_cat","embeddable":true,"href":"https:\/\/cncps.maia.gov.md\/en\/wp-json\/wp\/v2\/product_cat?post=7368"},{"taxonomy":"product_tag","embeddable":true,"href":"https:\/\/cncps.maia.gov.md\/en\/wp-json\/wp\/v2\/product_tag?post=7368"}],"curies":[{"name":"wp","href":"https:\/\/api.w.org\/{rel}","templated":true}]}}