{"id":7364,"date":"2024-02-07T13:39:48","date_gmt":"2024-02-07T13:39:48","guid":{"rendered":"https:\/\/cncps.maia.gov.md\/?post_type=product&#038;p=7364"},"modified":"2024-02-09T08:46:07","modified_gmt":"2024-02-09T08:46:07","slug":"grau-comun-de-toamna-soi-talisman","status":"publish","type":"product","link":"https:\/\/cncps.maia.gov.md\/en\/produs\/grau-comun-de-toamna-soi-talisman\/","title":{"rendered":"GR\u00c2U COMUN DE TOAMN\u0102 \/ Soi TALISMAN"},"content":{"rendered":"<p><span style=\"color: #993300;\"><strong>Soiul TALISMAN<\/strong><\/span><\/p>\n<p>Varietatea Erythrospermum. Soiul face parte din grupul ecologic de step\u0103 a soiurilor de tip intensiv cu maturitate semitimpurie. \u00cen\u0103l\u021bimea medie a plantelor este de 82 cm, cu rezisten\u0163\u0103 bun\u0103 la c\u0103dere. Masa medie a 1000 de boabe este 39 g. Mediu rezistent la iernare \u015fi secet\u0103. Con\u0163inutul mediu de proteine \u00een boabe este de 12,5%, con\u0163inutul mediu de gluten brut \u2013 27,0%. Poten\u0163ialul genetic al produc\u0163iei de boabe \u00een condi\u0163iile din stepa B\u0103l\u0163ului constituie 8,9 t\/ha. Se recomand\u0103 pentru cultivare \u00een toate zonele Republicii Moldova. Poate fi cultivat \u0219i pe agrofonduri mai s\u0103race, cu norma de \u00eens\u0103m\u00e2n\u021bare 5,0-5,5 mil. boabe germinabile la ha.<\/p>\n<h4><em>Omologat \u00een Republica Moldova din anul 2013.<\/em><\/h4>\n","protected":false},"excerpt":{"rendered":"<p><strong>Varietatea Erythrospermum. Soiul face parte din grupul ecologic de step\u0103 a soiurilor de tip intensiv cu maturitate semitimpurie.<\/strong><\/p>\n","protected":false},"featured_media":7365,"comment_status":"closed","ping_status":"closed","template":"","meta":[],"product_cat":[118,107],"product_tag":[],"class_list":["post-7364","product","type-product","status-publish","has-post-thumbnail","hentry","product_cat-culturi-de-camp","product_cat-grau"],"_links":{"self":[{"href":"https:\/\/cncps.maia.gov.md\/en\/wp-json\/wp\/v2\/product\/7364","targetHints":{"allow":["GET"]}}],"collection":[{"href":"https:\/\/cncps.maia.gov.md\/en\/wp-json\/wp\/v2\/product"}],"about":[{"href":"https:\/\/cncps.maia.gov.md\/en\/wp-json\/wp\/v2\/types\/product"}],"replies":[{"embeddable":true,"href":"https:\/\/cncps.maia.gov.md\/en\/wp-json\/wp\/v2\/comments?post=7364"}],"wp:featuredmedia":[{"embeddable":true,"href":"https:\/\/cncps.maia.gov.md\/en\/wp-json\/wp\/v2\/media\/7365"}],"wp:attachment":[{"href":"https:\/\/cncps.maia.gov.md\/en\/wp-json\/wp\/v2\/media?parent=7364"}],"wp:term":[{"taxonomy":"product_cat","embeddable":true,"href":"https:\/\/cncps.maia.gov.md\/en\/wp-json\/wp\/v2\/product_cat?post=7364"},{"taxonomy":"product_tag","embeddable":true,"href":"https:\/\/cncps.maia.gov.md\/en\/wp-json\/wp\/v2\/product_tag?post=7364"}],"curies":[{"name":"wp","href":"https:\/\/api.w.org\/{rel}","templated":true}]}}