{"id":7360,"date":"2024-02-07T13:31:00","date_gmt":"2024-02-07T13:31:00","guid":{"rendered":"https:\/\/cncps.maia.gov.md\/?post_type=product&#038;p=7360"},"modified":"2024-02-09T08:45:14","modified_gmt":"2024-02-09T08:45:14","slug":"grau-comun-de-toamna-3","status":"publish","type":"product","link":"https:\/\/cncps.maia.gov.md\/en\/produs\/grau-comun-de-toamna-3\/","title":{"rendered":"GR\u00c2U COMUN DE TOAMN\u0102 \/ Soi APORT"},"content":{"rendered":"<p><span style=\"color: #993300;\"><strong>Soiul APORT<\/strong><\/span><\/p>\n<p>Varietatea Erythrospermum. Soi semitimpuriu, face parte din grupul ecologic de step\u0103 a soiurilor de tip semiintensiv. \u00cen\u0103l\u021bimea medie a plantelor este de 98 cm, cu rezisten\u0163\u0103 bun\u0103 la c\u0103dere. Masa medie a 1000 de boabe constituie 41,1 g. Mediu rezistent la iernare \u015fi secet\u0103. Con\u0163inutul mediu de proteine \u00een boabe este de 11,7%, con\u0163inutul mediu de gluten brut \u2013 27,7 %. Poten\u0163ialul genetic al produc\u0163iei de boabe \u00een condi\u0163iile din stepa B\u0103l\u0163ului constituie 8,8 t\/ha. Se recomand\u0103 pentru cultivare pe agrofonduri mai s\u0103race, cu norma de \u00eens\u0103m\u00e2n\u0163are 4,5-5,0 mil. boabe germinabile la ha.<\/p>\n<h4><em>Omologat \u00een Republica Moldova din anul 2021.<\/em><\/h4>\n","protected":false},"excerpt":{"rendered":"<p><strong>Varietatea Erythrospermum. Soi semitimpuriu.<\/strong><\/p>\n","protected":false},"featured_media":7361,"comment_status":"closed","ping_status":"closed","template":"","meta":[],"product_cat":[118,107],"product_tag":[],"class_list":["post-7360","product","type-product","status-publish","has-post-thumbnail","hentry","product_cat-culturi-de-camp","product_cat-grau"],"_links":{"self":[{"href":"https:\/\/cncps.maia.gov.md\/en\/wp-json\/wp\/v2\/product\/7360","targetHints":{"allow":["GET"]}}],"collection":[{"href":"https:\/\/cncps.maia.gov.md\/en\/wp-json\/wp\/v2\/product"}],"about":[{"href":"https:\/\/cncps.maia.gov.md\/en\/wp-json\/wp\/v2\/types\/product"}],"replies":[{"embeddable":true,"href":"https:\/\/cncps.maia.gov.md\/en\/wp-json\/wp\/v2\/comments?post=7360"}],"wp:featuredmedia":[{"embeddable":true,"href":"https:\/\/cncps.maia.gov.md\/en\/wp-json\/wp\/v2\/media\/7361"}],"wp:attachment":[{"href":"https:\/\/cncps.maia.gov.md\/en\/wp-json\/wp\/v2\/media?parent=7360"}],"wp:term":[{"taxonomy":"product_cat","embeddable":true,"href":"https:\/\/cncps.maia.gov.md\/en\/wp-json\/wp\/v2\/product_cat?post=7360"},{"taxonomy":"product_tag","embeddable":true,"href":"https:\/\/cncps.maia.gov.md\/en\/wp-json\/wp\/v2\/product_tag?post=7360"}],"curies":[{"name":"wp","href":"https:\/\/api.w.org\/{rel}","templated":true}]}}