{"id":7352,"date":"2024-02-07T13:27:52","date_gmt":"2024-02-07T13:27:52","guid":{"rendered":"https:\/\/cncps.maia.gov.md\/?post_type=product&#038;p=7352"},"modified":"2024-02-09T08:42:33","modified_gmt":"2024-02-09T08:42:33","slug":"grau-comun-de-toamna-2","status":"publish","type":"product","link":"https:\/\/cncps.maia.gov.md\/en\/produs\/grau-comun-de-toamna-2\/","title":{"rendered":"GR\u00c2U COMUN DE TOAMN\u0102 \/ Soi MELEAG"},"content":{"rendered":"<p><span style=\"color: #993300;\"><strong>Soiul MELEAG<\/strong><\/span><\/p>\n<p>Varietatea Erythrospermum. Soi semitimpuriu, face parte din grupul ecologic de step\u0103 a soiurilor de tip semiintensiv. Plantele \u00een medie au \u00een\u0103l\u021bimea de 90 cm, gradul de \u00eenfr\u0103\u021bire de 2,8-3,0 tulpini per plant\u0103 cu rezisten\u021b\u0103 bun\u0103 la c\u0103dere. Masa medie a 1000 de boabe este de 40 g. Manifest\u0103 toleran\u021b\u0103 medie la iernare \u0219i secet\u0103. Toleran\u021b\u0103 bun\u0103 la f\u0103inare, rugin\u0103 brun\u0103, putregaiul r\u0103d\u0103cinii \u0219i fuzarioz\u0103. Con\u021binutul mediu de proteine \u00een boabe este de 14,3%, con\u021binutul mediu de gluten brut \u2013 30,0%. Poten\u021bialul genetic al produc\u021biei de boabe \u00een condi\u021biile din stepa B\u0103l\u021bului constituie 8,6 t\/ha. Se recomand\u0103 pentru cultivare \u00een toate zonele R. Moldova. Formeaz\u0103 recolte bune \u0219i pe agrofonduri mai s\u0103race. Norma de \u00eens\u0103m\u00e2n\u021bare este de 5,0\u20135,5 mil. boabe germinabile la ha.<\/p>\n<h4><em>Omologat \u00een Republica Moldova din anul 2013.<\/em><\/h4>\n","protected":false},"excerpt":{"rendered":"<p><strong>Varietatea Erythrospermum. Soi semitimpuriu.<\/strong><\/p>\n","protected":false},"featured_media":7354,"comment_status":"closed","ping_status":"closed","template":"","meta":[],"product_cat":[118,107],"product_tag":[],"class_list":["post-7352","product","type-product","status-publish","has-post-thumbnail","hentry","product_cat-culturi-de-camp","product_cat-grau"],"_links":{"self":[{"href":"https:\/\/cncps.maia.gov.md\/en\/wp-json\/wp\/v2\/product\/7352","targetHints":{"allow":["GET"]}}],"collection":[{"href":"https:\/\/cncps.maia.gov.md\/en\/wp-json\/wp\/v2\/product"}],"about":[{"href":"https:\/\/cncps.maia.gov.md\/en\/wp-json\/wp\/v2\/types\/product"}],"replies":[{"embeddable":true,"href":"https:\/\/cncps.maia.gov.md\/en\/wp-json\/wp\/v2\/comments?post=7352"}],"wp:featuredmedia":[{"embeddable":true,"href":"https:\/\/cncps.maia.gov.md\/en\/wp-json\/wp\/v2\/media\/7354"}],"wp:attachment":[{"href":"https:\/\/cncps.maia.gov.md\/en\/wp-json\/wp\/v2\/media?parent=7352"}],"wp:term":[{"taxonomy":"product_cat","embeddable":true,"href":"https:\/\/cncps.maia.gov.md\/en\/wp-json\/wp\/v2\/product_cat?post=7352"},{"taxonomy":"product_tag","embeddable":true,"href":"https:\/\/cncps.maia.gov.md\/en\/wp-json\/wp\/v2\/product_tag?post=7352"}],"curies":[{"name":"wp","href":"https:\/\/api.w.org\/{rel}","templated":true}]}}