{"id":7348,"date":"2024-02-07T13:18:19","date_gmt":"2024-02-07T13:18:19","guid":{"rendered":"https:\/\/cncps.maia.gov.md\/?post_type=product&#038;p=7348"},"modified":"2024-02-09T08:41:34","modified_gmt":"2024-02-09T08:41:34","slug":"grau-comun-de-toamna","status":"publish","type":"product","link":"https:\/\/cncps.maia.gov.md\/en\/produs\/grau-comun-de-toamna\/","title":{"rendered":"GR\u00c2U COMUN DE TOAMN\u0102 \/ Soi NUMITOR"},"content":{"rendered":"<p><strong>GR\u00c2U COMUN DE TOAMN\u0102<\/strong><\/p>\n<p><span style=\"color: #993300;\"><strong>Soiul NUMITOR<\/strong><\/span><\/p>\n<p>Varietatea Erythrospermum. Soi timpuriu, face parte din grupul ecologic de step\u0103 a soiurilor de tip intensiv. Talia medie a plantei cu \u00een\u0103l\u021bimea de 80-90 cm, gradul de \u00eenfr\u0103\u021bire 2,6-3,0 tulpini per plant\u0103. Perioada de vegeta\u021bie constituie 263-268 zile. Manifest\u0103 toleran\u021b\u0103 la secet\u0103, iernare \u0219i principalele boli ale gr\u00e2ului (f\u0103inare, rugin\u0103 brun\u0103 \u0219i galben\u0103, putregaiul r\u0103d\u0103cinii). Bobul oval u\u0219or alungit, masa medie a 1000 de boabe constituie 42 g. Con\u021binutul mediu de proteine \u00een boabe este de &#8211; 11,9 %, con\u021binutul mediu de gluten &#8211; 27,0%. Poten\u021bialul genetic al produc\u021biei de boabe \u00een condi\u021biile din stepa B\u0103l\u021bului constituie 8,7 t\/ha. Se recomand\u0103 pentru cultivare \u00een zona de nord \u0219i centru. Poate fi cultivat \u0219i pe agrofonduri mai s\u0103race, cu norma de \u00eens\u0103m\u00e2n\u021bare 5,0-5,5 mil. boabe germinabile la ha.<\/p>\n<p><em>\u00cenregistrat \u00een Catalogul soiurilor de plante al Republicii Moldova din anul 2019.<\/em><\/p>\n","protected":false},"excerpt":{"rendered":"<p><span style=\"color: #993300;\"><strong>Soiul NUMITOR<\/strong><\/span><\/p>\n<p><strong>Varietatea Erythrospermum. Soi timpuriu.<\/strong><\/p>\n","protected":false},"featured_media":7349,"comment_status":"closed","ping_status":"closed","template":"","meta":[],"product_cat":[118,107],"product_tag":[],"class_list":["post-7348","product","type-product","status-publish","has-post-thumbnail","hentry","product_cat-culturi-de-camp","product_cat-grau"],"_links":{"self":[{"href":"https:\/\/cncps.maia.gov.md\/en\/wp-json\/wp\/v2\/product\/7348","targetHints":{"allow":["GET"]}}],"collection":[{"href":"https:\/\/cncps.maia.gov.md\/en\/wp-json\/wp\/v2\/product"}],"about":[{"href":"https:\/\/cncps.maia.gov.md\/en\/wp-json\/wp\/v2\/types\/product"}],"replies":[{"embeddable":true,"href":"https:\/\/cncps.maia.gov.md\/en\/wp-json\/wp\/v2\/comments?post=7348"}],"wp:featuredmedia":[{"embeddable":true,"href":"https:\/\/cncps.maia.gov.md\/en\/wp-json\/wp\/v2\/media\/7349"}],"wp:attachment":[{"href":"https:\/\/cncps.maia.gov.md\/en\/wp-json\/wp\/v2\/media?parent=7348"}],"wp:term":[{"taxonomy":"product_cat","embeddable":true,"href":"https:\/\/cncps.maia.gov.md\/en\/wp-json\/wp\/v2\/product_cat?post=7348"},{"taxonomy":"product_tag","embeddable":true,"href":"https:\/\/cncps.maia.gov.md\/en\/wp-json\/wp\/v2\/product_tag?post=7348"}],"curies":[{"name":"wp","href":"https:\/\/api.w.org\/{rel}","templated":true}]}}