{"id":654,"date":"2022-06-16T12:34:06","date_gmt":"2022-06-16T12:34:06","guid":{"rendered":"https:\/\/porumbeni.gov.md\/?post_type=product&#038;p=654"},"modified":"2024-02-08T09:31:47","modified_gmt":"2024-02-08T09:31:47","slug":"hibridul-de-sorg-porumbeni-5","status":"publish","type":"product","link":"https:\/\/cncps.maia.gov.md\/en\/produs\/hibridul-de-sorg-porumbeni-5\/","title":{"rendered":"SORG \/ PORUMBENI 5"},"content":{"rendered":"<h4><span style=\"color: #800080;\">Hibridul de Sorg<\/span><\/h4>\n<h4><span style=\"color: #800080;\"> PORUMBENI 5<\/span><\/h4>\n<p>Hibrid simplu de sorg zaharat, cu epoca de maturitate semitardiv\u0103 121 &#8211; 127 zile.<br \/>\nHibrid pentru siloz cu con\u021binut de zah\u0103r p\u00e2n\u0103 la 15%. \u00cen\u0103l\u021bimea plantei de 260-320 cm, tulpina viguroas\u0103, suculent\u0103, cu 16-18 frunze. Panicul este erect, elipsoidal, cu lungimea de 20-30 cm, culoarea brun\u0103-deschis. Con\u021binutul de zah\u0103r de p\u00e2n\u0103 la 14 %. Recolta la hectar 75-85 t\/ha mas\u0103 verde sau 20-21 t\/ha mas\u0103 uscat\u0103. Este tolerant la boli \u0219i d\u0103un\u0103tori. Densitatea optim\u0103 de cultivare 160-180 mii pl\/ha. Se recolteaz\u0103 mecanizat. Se utilizeaz\u0103 pentru mas\u0103 verde, la \u00eensilozare \u0219i extragerea sucului pentru ob\u021binerea spirtului \u0219i siropului concentrat.<\/p>\n<p><em><strong>Omologat \u00een Republica Moldova.<\/strong><\/em><\/p>\n","protected":false},"excerpt":{"rendered":"<p><strong>Hibrid simplu de Sorg zaharat<\/strong><\/p>\n","protected":false},"featured_media":676,"comment_status":"closed","ping_status":"closed","template":"","meta":[],"product_cat":[60,55],"product_tag":[],"class_list":["post-654","product","type-product","status-publish","has-post-thumbnail","hentry","product_cat-sorg","product_cat-sorg-zaharat"],"_links":{"self":[{"href":"https:\/\/cncps.maia.gov.md\/en\/wp-json\/wp\/v2\/product\/654","targetHints":{"allow":["GET"]}}],"collection":[{"href":"https:\/\/cncps.maia.gov.md\/en\/wp-json\/wp\/v2\/product"}],"about":[{"href":"https:\/\/cncps.maia.gov.md\/en\/wp-json\/wp\/v2\/types\/product"}],"replies":[{"embeddable":true,"href":"https:\/\/cncps.maia.gov.md\/en\/wp-json\/wp\/v2\/comments?post=654"}],"wp:featuredmedia":[{"embeddable":true,"href":"https:\/\/cncps.maia.gov.md\/en\/wp-json\/wp\/v2\/media\/676"}],"wp:attachment":[{"href":"https:\/\/cncps.maia.gov.md\/en\/wp-json\/wp\/v2\/media?parent=654"}],"wp:term":[{"taxonomy":"product_cat","embeddable":true,"href":"https:\/\/cncps.maia.gov.md\/en\/wp-json\/wp\/v2\/product_cat?post=654"},{"taxonomy":"product_tag","embeddable":true,"href":"https:\/\/cncps.maia.gov.md\/en\/wp-json\/wp\/v2\/product_tag?post=654"}],"curies":[{"name":"wp","href":"https:\/\/api.w.org\/{rel}","templated":true}]}}