{"id":653,"date":"2022-06-16T12:22:08","date_gmt":"2022-06-16T12:22:08","guid":{"rendered":"https:\/\/porumbeni.gov.md\/?post_type=product&#038;p=653"},"modified":"2024-02-08T09:27:17","modified_gmt":"2024-02-08T09:27:17","slug":"hibrid-simplu-de-sorg-x-iarba-de-sudan-mss-10","status":"publish","type":"product","link":"https:\/\/cncps.maia.gov.md\/en\/produs\/hibrid-simplu-de-sorg-x-iarba-de-sudan-mss-10\/","title":{"rendered":"SORG HIBRID simplu x Iarb\u0103 de Sudan MSS 10"},"content":{"rendered":"<h4><span style=\"color: #ff6600;\">SORG<\/span><\/h4>\n<h4><span style=\"color: #ff6600;\">MSS 10 Hibrid simplu de sorg \u00d7 Iarb\u0103 de Sudan<\/span><\/h4>\n<h4>Epoca de maturitate medie.<br \/>\nPlanta cu \u00een\u0103l\u021bimea de 250-270 cm, bine \u00eenfoliat\u0103 (8 &#8211; 11 frunze). Masa verde cu un con\u021binut de 10,7-11,2% protein\u0103, 5% glucide. Se recolteaz\u0103 cu 10-15 zile \u00eenainte de \u00eenm\u0103turit. Dup\u0103 cosire ot\u0103ve\u0219te bine, form\u00e2nd f\u0103r\u0103 irigare 2-3 coase. Prima coas\u0103 cu 10-15 zile p\u00e2n\u0103 la faza maturit\u0103\u021bii. Num\u0103rul de plante la ha. 180-200 mii. Produc\u021bia de mas\u0103 verde 75- 80 t\/ha, mas\u0103 uscat\u0103 13 \u2013 14 t\/ha. Rezistent la c\u0103dere. Tolerant la bacterioze \u0219i afide.<\/h4>\n<h4><em>Omologat \u00een Republica Moldova pentru cultivarea masei verzi, silozului, senajului \u0219i la crearea p\u0103\u0219unilor.<\/em><\/h4>\n","protected":false},"excerpt":{"rendered":"<h4><em>Epoca de maturitate medie.<\/em><\/h4>\n","protected":false},"featured_media":6943,"comment_status":"closed","ping_status":"closed","template":"","meta":[],"product_cat":[60,54],"product_tag":[],"class_list":["post-653","product","type-product","status-publish","has-post-thumbnail","hentry","product_cat-sorg","product_cat-sorg-pentru-boabe-si-senaj"],"_links":{"self":[{"href":"https:\/\/cncps.maia.gov.md\/en\/wp-json\/wp\/v2\/product\/653","targetHints":{"allow":["GET"]}}],"collection":[{"href":"https:\/\/cncps.maia.gov.md\/en\/wp-json\/wp\/v2\/product"}],"about":[{"href":"https:\/\/cncps.maia.gov.md\/en\/wp-json\/wp\/v2\/types\/product"}],"replies":[{"embeddable":true,"href":"https:\/\/cncps.maia.gov.md\/en\/wp-json\/wp\/v2\/comments?post=653"}],"wp:featuredmedia":[{"embeddable":true,"href":"https:\/\/cncps.maia.gov.md\/en\/wp-json\/wp\/v2\/media\/6943"}],"wp:attachment":[{"href":"https:\/\/cncps.maia.gov.md\/en\/wp-json\/wp\/v2\/media?parent=653"}],"wp:term":[{"taxonomy":"product_cat","embeddable":true,"href":"https:\/\/cncps.maia.gov.md\/en\/wp-json\/wp\/v2\/product_cat?post=653"},{"taxonomy":"product_tag","embeddable":true,"href":"https:\/\/cncps.maia.gov.md\/en\/wp-json\/wp\/v2\/product_tag?post=653"}],"curies":[{"name":"wp","href":"https:\/\/api.w.org\/{rel}","templated":true}]}}