{"id":651,"date":"2022-06-16T10:59:16","date_gmt":"2022-06-16T10:59:16","guid":{"rendered":"https:\/\/porumbeni.gov.md\/?post_type=product&#038;p=651"},"modified":"2022-06-20T05:35:15","modified_gmt":"2022-06-20T05:35:15","slug":"porumbeni-343su","status":"publish","type":"product","link":"https:\/\/cncps.maia.gov.md\/en\/produs\/porumbeni-343su\/","title":{"rendered":"PORUMBENI 343SU"},"content":{"rendered":"<p><span style=\"color: #800080;\"><strong>Hibrid simplu, semitardiv, FAO 340<\/strong><\/span><\/p>\n<p>Perioada de vegeta\u0163ie \u00een condi\u021biile Moildovei p\u00e2n\u0103 la maturitatea tehnic\u0103 83-86 zile.<\/p>\n<p><b>Planta<\/b> de talie medie 195-200 cm.<\/p>\n<p><b>\u0218tiulete<\/b> de form\u0103 cilindric\u0103 cu lungimea de 19-21 cm.<\/p>\n<p><b>Bobul<\/b> ad\u00e2nc de culoare galben deschis cu pericarp fin \u0219i calit\u0103\u021bi gustative \u00eenalte.<\/p>\n<p><b>\u00censu\u0219iri specifice:<\/b> Dispune de un ritm intens de cre\u0219tere la etapa ini\u021bial\u0103.<\/p>\n<p>Posed\u0103 rezisten\u021b\u0103 c\u0103derea \u0219i fr\u00e2ngerea tulpinilor, tolerant la boli \u0219i d\u0103un\u0103tori.<\/p>\n<p><b>Poten\u021bialul de produc\u021bie <\/b>de \u0219tiule\u021bi \u00een faz\u0103 de maturitate tehnic\u0103 este de 13-15 t\/ha.<\/p>\n<p>Densitatatea optim\u0103 de cultivare 50-55 mii plante la hectar.<\/p>\n<p><strong>Omologat \u00een R. Moldova pentru utilizare \u00een industria alimentar\u0103, \u00een stare proasp\u0103t\u0103.<\/strong><\/p>\n","protected":false},"excerpt":{"rendered":"<p><span style=\"color: #800080;\"><strong>Hibrid simplu, semitardiv, FAO 340<\/strong><\/span><\/p>\n","protected":false},"featured_media":748,"comment_status":"closed","ping_status":"closed","template":"","meta":[],"product_cat":[53],"product_tag":[],"class_list":["post-651","product","type-product","status-publish","has-post-thumbnail","hentry","product_cat-porumb-zaharat"],"_links":{"self":[{"href":"https:\/\/cncps.maia.gov.md\/en\/wp-json\/wp\/v2\/product\/651","targetHints":{"allow":["GET"]}}],"collection":[{"href":"https:\/\/cncps.maia.gov.md\/en\/wp-json\/wp\/v2\/product"}],"about":[{"href":"https:\/\/cncps.maia.gov.md\/en\/wp-json\/wp\/v2\/types\/product"}],"replies":[{"embeddable":true,"href":"https:\/\/cncps.maia.gov.md\/en\/wp-json\/wp\/v2\/comments?post=651"}],"wp:featuredmedia":[{"embeddable":true,"href":"https:\/\/cncps.maia.gov.md\/en\/wp-json\/wp\/v2\/media\/748"}],"wp:attachment":[{"href":"https:\/\/cncps.maia.gov.md\/en\/wp-json\/wp\/v2\/media?parent=651"}],"wp:term":[{"taxonomy":"product_cat","embeddable":true,"href":"https:\/\/cncps.maia.gov.md\/en\/wp-json\/wp\/v2\/product_cat?post=651"},{"taxonomy":"product_tag","embeddable":true,"href":"https:\/\/cncps.maia.gov.md\/en\/wp-json\/wp\/v2\/product_tag?post=651"}],"curies":[{"name":"wp","href":"https:\/\/api.w.org\/{rel}","templated":true}]}}