{"id":648,"date":"2022-06-16T10:39:32","date_gmt":"2022-06-16T10:39:32","guid":{"rendered":"https:\/\/porumbeni.gov.md\/?post_type=product&#038;p=648"},"modified":"2022-06-17T05:10:21","modified_gmt":"2022-06-17T05:10:21","slug":"porumbeni-198su","status":"publish","type":"product","link":"https:\/\/cncps.maia.gov.md\/en\/produs\/porumbeni-198su\/","title":{"rendered":"PORUMBENI 198SU"},"content":{"rendered":"<p><span style=\"color: #800080;\"><strong>Hibrid simplu, extratimpuriu, zaharat, FAO 190<\/strong><\/span><\/p>\n<p>Perioada de vegeta\u0163ie p\u00e2n\u0103 la maturitatea tehnic\u0103 65-70 zile.<\/p>\n<p><b>Planta<\/b> de talie mic\u0103 175-180 cm.<\/p>\n<p><b>\u0218tiulete<\/b> de form\u0103 cilindric\u0103 cu lungimea de 16-18.<\/p>\n<p><b>Bobul<\/b> dulce de culoare galben\u0103 deschis\u0103, cu pericarp fin.<\/p>\n<p><b>\u00censu\u0219iri specifice:<\/b> Posed\u0103 calit\u0103\u021bi gustative \u00eenalte. Porumb alimentar cu bobul dulce de culoare galben\u0103.<\/p>\n<p>Dispune de un ritm intens de cre\u0219tere la etapa ini\u021bial\u0103. Tolerant la boli \u0219i d\u0103un\u0103tori.<\/p>\n<p><b>Poten\u021bialul de produc\u021bie <\/b>de \u0219tiule\u021bi \u00een faz\u0103 de maturitate tehnic\u0103 este de 10-12 t\/ha.<\/p>\n<p>Destinat consumului \u00een stare proasp\u0103t\u0103, conservare \u0219i congelare.<\/p>\n<p><strong>Omologat \u00een R. Moldova \u0219i Federa\u021bia Rus\u0103.<\/strong><\/p>\n","protected":false},"excerpt":{"rendered":"<p><span style=\"color: #800080;\"><strong>Hibrid simplu, extratimpuriu, zaharat, FAO 190<\/strong><\/span><\/p>\n","protected":false},"featured_media":669,"comment_status":"closed","ping_status":"closed","template":"","meta":[],"product_cat":[53],"product_tag":[],"class_list":["post-648","product","type-product","status-publish","has-post-thumbnail","hentry","product_cat-porumb-zaharat"],"_links":{"self":[{"href":"https:\/\/cncps.maia.gov.md\/en\/wp-json\/wp\/v2\/product\/648","targetHints":{"allow":["GET"]}}],"collection":[{"href":"https:\/\/cncps.maia.gov.md\/en\/wp-json\/wp\/v2\/product"}],"about":[{"href":"https:\/\/cncps.maia.gov.md\/en\/wp-json\/wp\/v2\/types\/product"}],"replies":[{"embeddable":true,"href":"https:\/\/cncps.maia.gov.md\/en\/wp-json\/wp\/v2\/comments?post=648"}],"wp:featuredmedia":[{"embeddable":true,"href":"https:\/\/cncps.maia.gov.md\/en\/wp-json\/wp\/v2\/media\/669"}],"wp:attachment":[{"href":"https:\/\/cncps.maia.gov.md\/en\/wp-json\/wp\/v2\/media?parent=648"}],"wp:term":[{"taxonomy":"product_cat","embeddable":true,"href":"https:\/\/cncps.maia.gov.md\/en\/wp-json\/wp\/v2\/product_cat?post=648"},{"taxonomy":"product_tag","embeddable":true,"href":"https:\/\/cncps.maia.gov.md\/en\/wp-json\/wp\/v2\/product_tag?post=648"}],"curies":[{"name":"wp","href":"https:\/\/api.w.org\/{rel}","templated":true}]}}