{"id":645,"date":"2022-06-16T09:16:01","date_gmt":"2022-06-16T09:16:01","guid":{"rendered":"https:\/\/porumbeni.gov.md\/?post_type=product&#038;p=645"},"modified":"2023-12-19T07:32:42","modified_gmt":"2023-12-19T07:32:42","slug":"porumbeni-398-e","status":"publish","type":"product","link":"https:\/\/cncps.maia.gov.md\/en\/produs\/porumbeni-398-e\/","title":{"rendered":"PORUMBENI 398 E"},"content":{"rendered":"<p><span style=\"color: #800080;\"><strong>Hibrid simplu, semitardiv, FAO 400<\/strong><\/span><\/p>\n<p>Perioada de vegeta\u0163ie \u00een condi\u0163iile Moldovei 118-123 zile.<\/p>\n<p><b>Planta<\/b> cu \u00een\u0103l\u021bimea de 180-198 cm, 17-18 frunze, inser\u021bia \u0219tiuletului 70-75 cm.<\/p>\n<p><b>\u0218tiuletele<\/b> cu lungimea de 19-21 cm \u0219i 12-14 r\u00e2nduri de boabe.<\/p>\n<p>Randamentul de boabe este de 82%, rahisul de culoare alb\u0103.<\/p>\n<p><b>Bobul<\/b> de consisten\u021b\u0103 sticloas\u0103, galben-oranj, cu MMB 155-165 g.<\/p>\n<p><b>\u00censu\u0219iri specifice:<\/b> Capacitatea de expandarea boabelor \u00eenalt\u0103 40-45 cm3\/g.<\/p>\n<p>Rezistent la secet\u0103, t\u0103ciune \u0219i fuzarioza \u0219tiule\u021bilor. Posed\u0103 o rezisten\u021b\u0103 mijlocie la c\u0103dere \u015fi fr\u00e2ngerea tulpinilor.<\/p>\n<p><b>Poten\u021bialul de produc\u021bie <\/b>\u00a0este de 4,5-5,2 t\/ha boabe.<\/p>\n<p>Densitatea optim\u0103 de cultivare f\u0103r\u0103 irigare 50-55 mii plante la hectar.<\/p>\n<p><strong>Omologat \u00een R. Moldova pentru utilizare \u00een industria alimentar\u0103 (pop corn).<\/strong><\/p>\n","protected":false},"excerpt":{"rendered":"<p><span style=\"color: #800080;\"><strong>Hibrid simplu, semitardiv, FAO 400<\/strong><\/span><\/p>\n","protected":false},"featured_media":6561,"comment_status":"closed","ping_status":"closed","template":"","meta":[],"product_cat":[52],"product_tag":[],"class_list":["post-645","product","type-product","status-publish","has-post-thumbnail","hentry","product_cat-hibrizi-pentru-floricele-pop-corn"],"_links":{"self":[{"href":"https:\/\/cncps.maia.gov.md\/en\/wp-json\/wp\/v2\/product\/645","targetHints":{"allow":["GET"]}}],"collection":[{"href":"https:\/\/cncps.maia.gov.md\/en\/wp-json\/wp\/v2\/product"}],"about":[{"href":"https:\/\/cncps.maia.gov.md\/en\/wp-json\/wp\/v2\/types\/product"}],"replies":[{"embeddable":true,"href":"https:\/\/cncps.maia.gov.md\/en\/wp-json\/wp\/v2\/comments?post=645"}],"wp:featuredmedia":[{"embeddable":true,"href":"https:\/\/cncps.maia.gov.md\/en\/wp-json\/wp\/v2\/media\/6561"}],"wp:attachment":[{"href":"https:\/\/cncps.maia.gov.md\/en\/wp-json\/wp\/v2\/media?parent=645"}],"wp:term":[{"taxonomy":"product_cat","embeddable":true,"href":"https:\/\/cncps.maia.gov.md\/en\/wp-json\/wp\/v2\/product_cat?post=645"},{"taxonomy":"product_tag","embeddable":true,"href":"https:\/\/cncps.maia.gov.md\/en\/wp-json\/wp\/v2\/product_tag?post=645"}],"curies":[{"name":"wp","href":"https:\/\/api.w.org\/{rel}","templated":true}]}}