{"id":638,"date":"2022-06-16T08:27:01","date_gmt":"2022-06-16T08:27:01","guid":{"rendered":"https:\/\/porumbeni.gov.md\/?post_type=product&#038;p=638"},"modified":"2022-06-20T05:40:15","modified_gmt":"2022-06-20T05:40:15","slug":"rosmold-254","status":"publish","type":"product","link":"https:\/\/cncps.maia.gov.md\/en\/produs\/rosmold-254\/","title":{"rendered":"ROSMOLD 254"},"content":{"rendered":"<p><span style=\"color: #800080;\"><strong>Hibrid triliniar, semitimpuriu, FAO 260<\/strong><\/span><\/p>\n<p>Perioada de vegeta\u0163ie \u00een condi\u0163iile Moldovei 100-105 zile.<\/p>\n<p><b>Planta<\/b> cu \u00een\u0103l\u0163imea medie 210-230 cm, inser\u0163ia \u015ftiuletelui la 75-85 cm.<\/p>\n<p><b>\u0218tiuletele<\/b> de form\u0103 cilindric\u0103 cu lungimea de 20-22 cm, 16-18 r\u00e2nduri de boabe.<\/p>\n<p><b>Bobul<\/b> dentat, galben cu MMB 280-300 g. Randamentul de boabe 84%.<\/p>\n<p><b>\u00censu\u0219iri specifice:<\/b> Rezistent la c\u0103derea \u015fi fr\u00e2ngerea tulpinilor, tolerant la boli \u0219i d\u0103un\u0103tori.<\/p>\n<p><b>Poten\u021bialul de produc\u021bie constituie<\/b> de 11-13 t\/ha boabe \u0219i 50-56 t\/ha siloz.<\/p>\n<p>Densitatea optim\u0103 de cultivare la boabe \u00een arealele nordice 70-75 mii plante la hectar.<\/p>\n<p><strong>Omologat \u00een Federa\u021bia Rus\u0103 pentru cultivare la boabe \u0219i siloz.<\/strong><\/p>\n","protected":false},"excerpt":{"rendered":"<p>Hibrid triliniar, semitimpuriu, FAO 260 Perioada de vegeta\u0163ie \u00een condi\u0163iile Moldovei 100-105 zile. Planta cu \u00een\u0103l\u0163imea medie 210-230 cm, inser\u0163ia<\/p>\n","protected":false},"featured_media":749,"comment_status":"closed","ping_status":"closed","template":"","meta":[],"product_cat":[50],"product_tag":[],"class_list":["post-638","product","type-product","status-publish","has-post-thumbnail","hentry","product_cat-federatia-rusa"],"_links":{"self":[{"href":"https:\/\/cncps.maia.gov.md\/en\/wp-json\/wp\/v2\/product\/638","targetHints":{"allow":["GET"]}}],"collection":[{"href":"https:\/\/cncps.maia.gov.md\/en\/wp-json\/wp\/v2\/product"}],"about":[{"href":"https:\/\/cncps.maia.gov.md\/en\/wp-json\/wp\/v2\/types\/product"}],"replies":[{"embeddable":true,"href":"https:\/\/cncps.maia.gov.md\/en\/wp-json\/wp\/v2\/comments?post=638"}],"wp:featuredmedia":[{"embeddable":true,"href":"https:\/\/cncps.maia.gov.md\/en\/wp-json\/wp\/v2\/media\/749"}],"wp:attachment":[{"href":"https:\/\/cncps.maia.gov.md\/en\/wp-json\/wp\/v2\/media?parent=638"}],"wp:term":[{"taxonomy":"product_cat","embeddable":true,"href":"https:\/\/cncps.maia.gov.md\/en\/wp-json\/wp\/v2\/product_cat?post=638"},{"taxonomy":"product_tag","embeddable":true,"href":"https:\/\/cncps.maia.gov.md\/en\/wp-json\/wp\/v2\/product_tag?post=638"}],"curies":[{"name":"wp","href":"https:\/\/api.w.org\/{rel}","templated":true}]}}