{"id":636,"date":"2022-06-16T08:13:49","date_gmt":"2022-06-16T08:13:49","guid":{"rendered":"https:\/\/porumbeni.gov.md\/?post_type=product&#038;p=636"},"modified":"2022-06-17T11:59:20","modified_gmt":"2022-06-17T11:59:20","slug":"rosmold-159-crf","status":"publish","type":"product","link":"https:\/\/cncps.maia.gov.md\/en\/produs\/rosmold-159-crf\/","title":{"rendered":"ROSMOLD 159 CRf"},"content":{"rendered":"<p><span style=\"color: #800080;\"><strong>Hibrid triliniar, extratimpuriu, FAO 160<\/strong><\/span><\/p>\n<p>Perioada de vegeta\u0163ie \u00een condi\u0163iile Moldovei 85-90 zile.<\/p>\n<p><b>Planta<\/b> de \u00een\u0103l\u0163imea 170-180 cm, inser\u0163ia \u015ftiuletelui la 70-80 cm.<\/p>\n<p><b>\u0218tiuletele<\/b> conic cu lungimea de 16-18 cm, 14-16 r\u00e2nduri de boabe.<\/p>\n<p><b>Bobul<\/b> de tip semi-\u00eendurat, galben cu MMB 230-240 g.<\/p>\n<p><b>\u00censu\u0219iri specifice:<\/b> Rezistent la c\u0103derea \u015fi fr\u00e2ngerea tulpinilor.<\/p>\n<p>Tolerant la secet\u0103 \u0219i temperaturi sc\u0103zute. Se caracterizeaz\u0103 cu capacitate \u00eenalt\u0103 de germinare a boabelor<\/p>\n<p>\u0219i ritm intens de cre\u0219etere la etapa ini\u021bial\u0103. Tolerant la boli \u0219i d\u0103un\u0103tori.<\/p>\n<p><b>Poten\u021bialul de produc\u021bie constituie<\/b> de 8-9 t\/ha boabe \u0219i 40-45 t\/ha siloz.<\/p>\n<p>Densitatea optim\u0103 de cultivare la boabe \u00een arealele nordice 80-90 mii plante la hectar.<\/p>\n<p><strong>Omologat \u00een Federa\u021bia Rus\u0103 pentru cultivare la boabe \u0219i siloz.<\/strong><\/p>\n","protected":false},"excerpt":{"rendered":"<p><span style=\"color: #800080;\"><strong>Hibrid triliniar, extratimpuriu, FAO 160<\/strong><\/span><\/p>\n","protected":false},"featured_media":730,"comment_status":"closed","ping_status":"closed","template":"","meta":[],"product_cat":[50],"product_tag":[],"class_list":["post-636","product","type-product","status-publish","has-post-thumbnail","hentry","product_cat-federatia-rusa"],"_links":{"self":[{"href":"https:\/\/cncps.maia.gov.md\/en\/wp-json\/wp\/v2\/product\/636","targetHints":{"allow":["GET"]}}],"collection":[{"href":"https:\/\/cncps.maia.gov.md\/en\/wp-json\/wp\/v2\/product"}],"about":[{"href":"https:\/\/cncps.maia.gov.md\/en\/wp-json\/wp\/v2\/types\/product"}],"replies":[{"embeddable":true,"href":"https:\/\/cncps.maia.gov.md\/en\/wp-json\/wp\/v2\/comments?post=636"}],"wp:featuredmedia":[{"embeddable":true,"href":"https:\/\/cncps.maia.gov.md\/en\/wp-json\/wp\/v2\/media\/730"}],"wp:attachment":[{"href":"https:\/\/cncps.maia.gov.md\/en\/wp-json\/wp\/v2\/media?parent=636"}],"wp:term":[{"taxonomy":"product_cat","embeddable":true,"href":"https:\/\/cncps.maia.gov.md\/en\/wp-json\/wp\/v2\/product_cat?post=636"},{"taxonomy":"product_tag","embeddable":true,"href":"https:\/\/cncps.maia.gov.md\/en\/wp-json\/wp\/v2\/product_tag?post=636"}],"curies":[{"name":"wp","href":"https:\/\/api.w.org\/{rel}","templated":true}]}}