{"id":618,"date":"2022-06-16T06:53:36","date_gmt":"2022-06-16T06:53:36","guid":{"rendered":"https:\/\/porumbeni.gov.md\/?post_type=product&#038;p=618"},"modified":"2022-07-20T05:19:19","modified_gmt":"2022-07-20T05:19:19","slug":"farmec","status":"publish","type":"product","link":"https:\/\/cncps.maia.gov.md\/en\/produs\/farmec\/","title":{"rendered":"FARMEC"},"content":{"rendered":"<p><span style=\"color: #800080;\"><strong>Hibrid triliniar, semitimpuriu, FAO 220<\/strong><\/span><\/p>\n<p>Perioada de vegeta\u0163ie \u00een condi\u0163iile Moldovei 95-102 zile.<\/p>\n<p><b>Planta<\/b> de \u00een\u0103l\u0163imea 240-250 cm, inser\u0163ia \u015ftiuletelui la 80-90 cm.<\/p>\n<p><b>\u0218tiuletele<\/b> cilindric cu lungimea medie 21-23 cm, 18-20 r\u00e2nduri de boabe,<\/p>\n<p>ransamentul boabelor de 85-86% cu rahis ro\u0219u.<\/p>\n<p><b>Bobul<\/b> dentat de culoare galben\u0103, cu MMB 320-340 g.<\/p>\n<p><b>\u00censu\u0219iri specifice<\/b>. Hibridul manifest\u0103 rezisten\u021b\u0103 \u00eenalt\u0103 la temperaturi sc\u0103zute,<\/p>\n<p>Se deosebe\u0219te cu rezisten\u021b\u0103 bun\u0103 la c\u0103derea \u015fi fr\u00e2ngerea tulpinilor,<\/p>\n<p>la secet\u0103 \u0219i ar\u0219i\u021b\u0103. Valorific\u0103 foarte bine agro-fonurile \u00eenalte,<\/p>\n<p>tolerant la boli \u0219i d\u0103un\u0103tori.<\/p>\n<p><b>Poten\u021bialul de produc\u021bie constituie<\/b> de 12-14 t\/ha boabe \u0219i 55-60 t\/ha siloz.<\/p>\n<p>Densitatea optimal\u0103 de cultivare este de 75-80 mii plante la hectar,<\/p>\n<p>penru cultivare la boabe.<\/p>\n<p>&nbsp;<\/p>\n","protected":false},"excerpt":{"rendered":"<p><span style=\"color: #800080;\"><strong>Hibrid triliniar, semitimpuriu, FAO 220<\/strong><\/span><\/p>\n","protected":false},"featured_media":1475,"comment_status":"closed","ping_status":"closed","template":"","meta":[],"product_cat":[48],"product_tag":[],"class_list":["post-618","product","type-product","status-publish","has-post-thumbnail","hentry","product_cat-republica-belarus"],"_links":{"self":[{"href":"https:\/\/cncps.maia.gov.md\/en\/wp-json\/wp\/v2\/product\/618","targetHints":{"allow":["GET"]}}],"collection":[{"href":"https:\/\/cncps.maia.gov.md\/en\/wp-json\/wp\/v2\/product"}],"about":[{"href":"https:\/\/cncps.maia.gov.md\/en\/wp-json\/wp\/v2\/types\/product"}],"replies":[{"embeddable":true,"href":"https:\/\/cncps.maia.gov.md\/en\/wp-json\/wp\/v2\/comments?post=618"}],"wp:featuredmedia":[{"embeddable":true,"href":"https:\/\/cncps.maia.gov.md\/en\/wp-json\/wp\/v2\/media\/1475"}],"wp:attachment":[{"href":"https:\/\/cncps.maia.gov.md\/en\/wp-json\/wp\/v2\/media?parent=618"}],"wp:term":[{"taxonomy":"product_cat","embeddable":true,"href":"https:\/\/cncps.maia.gov.md\/en\/wp-json\/wp\/v2\/product_cat?post=618"},{"taxonomy":"product_tag","embeddable":true,"href":"https:\/\/cncps.maia.gov.md\/en\/wp-json\/wp\/v2\/product_tag?post=618"}],"curies":[{"name":"wp","href":"https:\/\/api.w.org\/{rel}","templated":true}]}}