{"id":610,"date":"2022-06-16T06:32:41","date_gmt":"2022-06-16T06:32:41","guid":{"rendered":"https:\/\/porumbeni.gov.md\/?post_type=product&#038;p=610"},"modified":"2022-07-20T05:46:52","modified_gmt":"2022-07-20T05:46:52","slug":"bemo-235","status":"publish","type":"product","link":"https:\/\/cncps.maia.gov.md\/en\/produs\/bemo-235\/","title":{"rendered":"BEMO 235"},"content":{"rendered":"<p><span style=\"color: #800080;\"><strong>Hibrid simplu, timpuriu, FAO 230<\/strong><\/span><\/p>\n<p>Perioada de vegeta\u0163ie \u00een condi\u0163iile Moldovei 96-103 zile.<\/p>\n<p><b>Planta<\/b> de \u00een\u0103l\u0163imea 240-250 cm,\u00a0inser\u0163ia \u015ftiuletelui la 75-85 cm.<\/p>\n<p><b>\u0218tiuletele<\/b> uniform de form\u0103 cilindric\u0103 cu lungimea medie 20-22 cm, 18-20 r\u00e2nduri de boabe,<\/p>\n<p>ransamentul boabelor de 85-86% cu rahis de culoare roz.<\/p>\n<p><b>Bobul<\/b> dent, galben cu MMB 320-360 g.<\/p>\n<p><b>\u00censu\u0219iri specifice<\/b>. Posed\u0103 rezisten\u021b\u0103 bun\u0103 la c\u0103derea \u015fi fr\u00e2ngerea tulpinilor.<\/p>\n<p>Tolerant la secet\u0103 \u0219i ar\u0219i\u021b\u0103, boli \u0219i d\u0103un\u0103tori. Se deosebe\u0219te prin pierdere rapid\u0103<\/p>\n<p>a umidit\u0103\u021bii din boabe la maturitate.<\/p>\n<p><b>Poten\u021bialul de produc\u021bie constituie<\/b> de 13-15 t\/ha boabe \u0219i 50-60 t\/ha siloz.<\/p>\n<p>Densitatea recomandat\u0103 de cultivare 75-80 mii plante\/ha.<\/p>\n<p><strong>\u00cenregistrat \u00een R.Belarus \u0219i Kazahstan pentru cultivare la boabe \u0219i siloz.<\/strong><\/p>\n","protected":false},"excerpt":{"rendered":"<p><span style=\"color: #800080;\"><strong>Hibrid simplu, timpuriu, FAO 230<\/strong><\/span><\/p>\n","protected":false},"featured_media":611,"comment_status":"closed","ping_status":"closed","template":"","meta":[],"product_cat":[48,49],"product_tag":[],"class_list":["post-610","product","type-product","status-publish","has-post-thumbnail","hentry","product_cat-republica-belarus","product_cat-republica-kazahstan"],"_links":{"self":[{"href":"https:\/\/cncps.maia.gov.md\/en\/wp-json\/wp\/v2\/product\/610","targetHints":{"allow":["GET"]}}],"collection":[{"href":"https:\/\/cncps.maia.gov.md\/en\/wp-json\/wp\/v2\/product"}],"about":[{"href":"https:\/\/cncps.maia.gov.md\/en\/wp-json\/wp\/v2\/types\/product"}],"replies":[{"embeddable":true,"href":"https:\/\/cncps.maia.gov.md\/en\/wp-json\/wp\/v2\/comments?post=610"}],"wp:featuredmedia":[{"embeddable":true,"href":"https:\/\/cncps.maia.gov.md\/en\/wp-json\/wp\/v2\/media\/611"}],"wp:attachment":[{"href":"https:\/\/cncps.maia.gov.md\/en\/wp-json\/wp\/v2\/media?parent=610"}],"wp:term":[{"taxonomy":"product_cat","embeddable":true,"href":"https:\/\/cncps.maia.gov.md\/en\/wp-json\/wp\/v2\/product_cat?post=610"},{"taxonomy":"product_tag","embeddable":true,"href":"https:\/\/cncps.maia.gov.md\/en\/wp-json\/wp\/v2\/product_tag?post=610"}],"curies":[{"name":"wp","href":"https:\/\/api.w.org\/{rel}","templated":true}]}}