{"id":582,"date":"2022-06-16T05:28:54","date_gmt":"2022-06-16T05:28:54","guid":{"rendered":"https:\/\/porumbeni.gov.md\/?post_type=product&#038;p=582"},"modified":"2023-12-19T10:18:30","modified_gmt":"2023-12-19T10:18:30","slug":"porumbeni-221","status":"publish","type":"product","link":"https:\/\/cncps.maia.gov.md\/en\/produs\/porumbeni-221\/","title":{"rendered":"PORUMBENI 221"},"content":{"rendered":"<p><span style=\"color: #800080;\"><strong>Hibrid simplu, modificat, FAO 220<\/strong><\/span><\/p>\n<p>Perioada de vegeta\u0163ie \u00een condi\u0163iile Moldovei 96-100 zile.<\/p>\n<p><b>Planta<\/b> de \u00een\u0103l\u0163ime medie de 230-240 cm, inser\u0163ia \u015ftiuletelui la 80-85 cm.<\/p>\n<p><b>\u0218tiuletele<\/b> de forma cilindric\u0103 cu lungimea de 20-22 cm, 18-20 r\u00e2nduri de boabe,<\/p>\n<p>\u0219i ransamentul boabelor de 84-85%.<\/p>\n<p><b>Bobul<\/b> dentat, galben\/orange, cu MMB 320-340 g.<\/p>\n<p><b>\u00censu\u0219iri specifice<\/b>. Hibridul are ritm intens de cre\u0219tere la etapa ini\u021bial\u0103 de dezvoltare \u0219i rezisten\u021b\u0103<\/p>\n<p>la temperaturi sc\u0103zute. Posed\u0103 toleran\u021b\u0103 la secet\u0103, rezisten\u021b\u0103 la c\u0103derea \u015fi fr\u00e2ngerea tulpinilor.<\/p>\n<p><b>Poten\u021bialul de produc\u021bie constituie<\/b> de 12-13 t\/ha boabe \u0219i 45-55 t\/ha siloz.<\/p>\n<p>Densitatea recomandat\u0103 \u00een regiunile de nord 80-85 mii plante la hectar.<\/p>\n<p><b>Omologat \u00een Republica Belarus pen<\/b><b>ru <\/b><b>cultivare la boabe \u0219i siloz.<\/b><\/p>\n<p>&nbsp;<\/p>\n","protected":false},"excerpt":{"rendered":"<p><span style=\"color: #800080;\"><strong>Hibrid simplu, modificat, FAO 220<\/strong><\/span><\/p>\n","protected":false},"featured_media":6814,"comment_status":"closed","ping_status":"closed","template":"","meta":[],"product_cat":[48],"product_tag":[],"class_list":["post-582","product","type-product","status-publish","has-post-thumbnail","hentry","product_cat-republica-belarus"],"_links":{"self":[{"href":"https:\/\/cncps.maia.gov.md\/en\/wp-json\/wp\/v2\/product\/582","targetHints":{"allow":["GET"]}}],"collection":[{"href":"https:\/\/cncps.maia.gov.md\/en\/wp-json\/wp\/v2\/product"}],"about":[{"href":"https:\/\/cncps.maia.gov.md\/en\/wp-json\/wp\/v2\/types\/product"}],"replies":[{"embeddable":true,"href":"https:\/\/cncps.maia.gov.md\/en\/wp-json\/wp\/v2\/comments?post=582"}],"wp:featuredmedia":[{"embeddable":true,"href":"https:\/\/cncps.maia.gov.md\/en\/wp-json\/wp\/v2\/media\/6814"}],"wp:attachment":[{"href":"https:\/\/cncps.maia.gov.md\/en\/wp-json\/wp\/v2\/media?parent=582"}],"wp:term":[{"taxonomy":"product_cat","embeddable":true,"href":"https:\/\/cncps.maia.gov.md\/en\/wp-json\/wp\/v2\/product_cat?post=582"},{"taxonomy":"product_tag","embeddable":true,"href":"https:\/\/cncps.maia.gov.md\/en\/wp-json\/wp\/v2\/product_tag?post=582"}],"curies":[{"name":"wp","href":"https:\/\/api.w.org\/{rel}","templated":true}]}}