{"id":578,"date":"2022-06-16T05:10:38","date_gmt":"2022-06-16T05:10:38","guid":{"rendered":"https:\/\/porumbeni.gov.md\/?post_type=product&#038;p=578"},"modified":"2022-07-20T05:25:47","modified_gmt":"2022-07-20T05:25:47","slug":"porumbeni-220","status":"publish","type":"product","link":"https:\/\/cncps.maia.gov.md\/en\/produs\/porumbeni-220\/","title":{"rendered":"PORUMBENI 220"},"content":{"rendered":"<p><span style=\"color: #800080;\"><strong>Hibrid simplu, timpuriu, FAO 210<\/strong><\/span><\/p>\n<p>Perioada de vegeta\u0163ie \u00een condi\u0163iile Moldovei 94-110 zile.<\/p>\n<p><b>Planta<\/b> cu \u00een\u0103l\u0163imea de 230-240 cm, inser\u0163ia \u015ftiuletelui la 75-85 cm.<\/p>\n<p><b>\u0218tiuletele<\/b> cu lungimea de 20-21 cm, 14-16 r\u00e2nduri de boabe.<\/p>\n<p><b>Bobul<\/b> de tip semi-dent, galben, cu MMB 300-330g.<\/p>\n<p><b>Poten\u021bialul de produc\u021bie constituie<\/b> de 11-13 t\/ha boabe \u0219i 45-55 t\/ha siloz.<\/p>\n<p><b>\u00censu\u0219iri specifice<\/b>. Posed\u0103 rezisten\u021b\u0103 bun\u0103 la temperaturi sc\u0103zute, la c\u0103derea \u015fi fr\u00e2ngerea tulpinilor.<\/p>\n<p>manifest\u0103 capacitate de a pierde rapid umiditatea din boabe la maturitate \u0219i este tolerant la secet\u0103, boli \u015fi d\u0103un\u0103tori.<\/p>\n<p>Densitatea optim\u0103 \u00een arealele nordice 70-80 mii plante la hectar.<\/p>\n<p><b>Omologat \u00een Republica Belarus pen<\/b><b>ru <\/b><b>cultivare la boabe \u0219i siloz.<\/b><\/p>\n<p>&nbsp;<\/p>\n","protected":false},"excerpt":{"rendered":"<p><span style=\"color: #800080;\"><strong>Hibrid simplu, timpuriu, FAO 210<\/strong><\/span><\/p>\n","protected":false},"featured_media":1476,"comment_status":"closed","ping_status":"closed","template":"","meta":[],"product_cat":[48],"product_tag":[],"class_list":["post-578","product","type-product","status-publish","has-post-thumbnail","hentry","product_cat-republica-belarus"],"_links":{"self":[{"href":"https:\/\/cncps.maia.gov.md\/en\/wp-json\/wp\/v2\/product\/578","targetHints":{"allow":["GET"]}}],"collection":[{"href":"https:\/\/cncps.maia.gov.md\/en\/wp-json\/wp\/v2\/product"}],"about":[{"href":"https:\/\/cncps.maia.gov.md\/en\/wp-json\/wp\/v2\/types\/product"}],"replies":[{"embeddable":true,"href":"https:\/\/cncps.maia.gov.md\/en\/wp-json\/wp\/v2\/comments?post=578"}],"wp:featuredmedia":[{"embeddable":true,"href":"https:\/\/cncps.maia.gov.md\/en\/wp-json\/wp\/v2\/media\/1476"}],"wp:attachment":[{"href":"https:\/\/cncps.maia.gov.md\/en\/wp-json\/wp\/v2\/media?parent=578"}],"wp:term":[{"taxonomy":"product_cat","embeddable":true,"href":"https:\/\/cncps.maia.gov.md\/en\/wp-json\/wp\/v2\/product_cat?post=578"},{"taxonomy":"product_tag","embeddable":true,"href":"https:\/\/cncps.maia.gov.md\/en\/wp-json\/wp\/v2\/product_tag?post=578"}],"curies":[{"name":"wp","href":"https:\/\/api.w.org\/{rel}","templated":true}]}}