{"id":514,"date":"2022-06-15T08:56:50","date_gmt":"2022-06-15T08:56:50","guid":{"rendered":"https:\/\/porumbeni.gov.md\/?post_type=product&#038;p=514"},"modified":"2022-06-16T07:46:13","modified_gmt":"2022-06-16T07:46:13","slug":"porumbeni-324-mrf","status":"publish","type":"product","link":"https:\/\/cncps.maia.gov.md\/en\/produs\/porumbeni-324-mrf\/","title":{"rendered":"Porumbeni 324 MRf"},"content":{"rendered":"<p><span style=\"color: #800080;\"><strong>Hibrid triliniar, de maturitate medie, FAO 320<\/strong><\/span><\/p>\n<p>Perioada de vegeta\u0163ie \u00een condi\u0163iile Moldovei 108-114 zile.<\/p>\n<p><b>Planta<\/b> cu \u00een\u0103l\u0163imea de 240-250 cm, inser\u0163ia \u015ftiuletelui la 90-95 cm.<\/p>\n<p><b>\u0218tiuletele<\/b> conico-cilindric, cu lungimea de 20-22 cm, 16-18 r\u00e2nduri de boabe, rahis ro\u015fu.<\/p>\n<p><b>Bobul<\/b> dentat, galben cu MMB 310-320 g.<\/p>\n<p><b>Poten\u021bial de produc\u021bie <\/b>constituie\u00a0 10-11 t\/ha boabe.<\/p>\n<p><b>\u00censu\u0219iri specifice<\/b>. Dispune de un ritm intens de cre\u0219tere la etapa ini\u021bial\u0103 de vegeta\u021bie. Are capacitatea de pierdere rapid\u0103 a apei din bob la maturitate \u0219i este predispus de a forma c\u00e2te 2 \u0219tiule\u021bi pe tulpin\u0103. Este foarte rezistent la c\u0103derea \u015fi fr\u00e2ngerea tulpinilor. Tolerant la boli \u0219i d\u0103un\u0103tori. Densitatea optim\u0103 de cultivare 60-65 mii plante la hectar.<\/p>\n<p><b>Omologat \u00een Moldova<\/b><b>\u00a0pentru <\/b><b>cultivare la boabe \u015fi siloz<\/b><b>.<\/b><\/p>\n<p>&nbsp;<\/p>\n","protected":false},"excerpt":{"rendered":"<h5><span style=\"color: #800080;\"><strong>Hibrid triliniar, de maturitate medie, FAO 320<\/strong><\/span><\/h5>\n","protected":false},"featured_media":519,"comment_status":"closed","ping_status":"closed","template":"","meta":[],"product_cat":[],"product_tag":[],"class_list":["post-514","product","type-product","status-publish","has-post-thumbnail","hentry"],"_links":{"self":[{"href":"https:\/\/cncps.maia.gov.md\/en\/wp-json\/wp\/v2\/product\/514","targetHints":{"allow":["GET"]}}],"collection":[{"href":"https:\/\/cncps.maia.gov.md\/en\/wp-json\/wp\/v2\/product"}],"about":[{"href":"https:\/\/cncps.maia.gov.md\/en\/wp-json\/wp\/v2\/types\/product"}],"replies":[{"embeddable":true,"href":"https:\/\/cncps.maia.gov.md\/en\/wp-json\/wp\/v2\/comments?post=514"}],"wp:featuredmedia":[{"embeddable":true,"href":"https:\/\/cncps.maia.gov.md\/en\/wp-json\/wp\/v2\/media\/519"}],"wp:attachment":[{"href":"https:\/\/cncps.maia.gov.md\/en\/wp-json\/wp\/v2\/media?parent=514"}],"wp:term":[{"taxonomy":"product_cat","embeddable":true,"href":"https:\/\/cncps.maia.gov.md\/en\/wp-json\/wp\/v2\/product_cat?post=514"},{"taxonomy":"product_tag","embeddable":true,"href":"https:\/\/cncps.maia.gov.md\/en\/wp-json\/wp\/v2\/product_tag?post=514"}],"curies":[{"name":"wp","href":"https:\/\/api.w.org\/{rel}","templated":true}]}}