{"id":4802,"date":"2023-01-19T07:55:40","date_gmt":"2023-01-19T07:55:40","guid":{"rendered":"https:\/\/porumbeni.gov.md\/?post_type=product&#038;p=4802"},"modified":"2023-12-19T07:09:16","modified_gmt":"2023-12-19T07:09:16","slug":"porumbeni-391","status":"publish","type":"product","link":"https:\/\/cncps.maia.gov.md\/en\/produs\/porumbeni-391\/","title":{"rendered":"Porumbeni 391"},"content":{"rendered":"<p><strong>Hibrid simplu, de precocitate medie, FAO 390<\/strong><\/p>\n<p>Perioada de vegeta\u0163ie \u00een condi\u0163iile Moldovei 115-122 zile.<\/p>\n<p><b>Planta<\/b>\u00a0cu \u00een\u0103l\u0163imea de 240-250 cm, inser\u0163ia \u015ftiuletelui la 90-95cm.<\/p>\n<p><b>\u0218tiuletele<\/b>\u00a0cilindric, cu lungimea de 20-22 cm, 14-16 r\u00e2nduri de boabei. Randamentul \u00een boabe 85,0%. Rahisul ro\u015fu.<\/p>\n<p><b>Bobul<\/b>\u00a0dentat, galben, cu MMB 300-350g.<\/p>\n<p><b>Poten\u021bialul de produc\u021bie<\/b>\u00a0este de 13-14t\/ha boabe \u0219i 55-60 t\/ha siloz.<\/p>\n<p><b>\u00censu\u0219iri specifice:\u00a0<\/b>Rezistent la temperaturi sc\u0103zute, la secet\u0103, la c\u0103derea \u015fi fr\u00e2ngerea tulpinilor. Tolerant la boli \u015fi d\u0103un\u0103tori. Valorific\u0103 foarte bine agrofonurile \u00eenalte.<\/p>\n<p>Densitatea optim\u0103 de cultivare la boabe 60-65 mii plante la hectar.<\/p>\n<p><b>Omologat \u00een R. Moldova\u00a0<\/b><b>pentru cultivare la boabe \u0219i siloz.<\/b><\/p>\n","protected":false},"excerpt":{"rendered":"<p><span style=\"color: #800080;\"><strong>Hibrid simplu, de precocitate medie, FAO 390<\/strong><\/span><\/p>\n","protected":false},"featured_media":6543,"comment_status":"closed","ping_status":"closed","template":"","meta":[],"product_cat":[58,59,65],"product_tag":[],"class_list":["post-4802","product","type-product","status-publish","has-post-thumbnail","hentry","product_cat-oferta","product_cat-porumb","product_cat-republica-moldova"],"_links":{"self":[{"href":"https:\/\/cncps.maia.gov.md\/en\/wp-json\/wp\/v2\/product\/4802","targetHints":{"allow":["GET"]}}],"collection":[{"href":"https:\/\/cncps.maia.gov.md\/en\/wp-json\/wp\/v2\/product"}],"about":[{"href":"https:\/\/cncps.maia.gov.md\/en\/wp-json\/wp\/v2\/types\/product"}],"replies":[{"embeddable":true,"href":"https:\/\/cncps.maia.gov.md\/en\/wp-json\/wp\/v2\/comments?post=4802"}],"wp:featuredmedia":[{"embeddable":true,"href":"https:\/\/cncps.maia.gov.md\/en\/wp-json\/wp\/v2\/media\/6543"}],"wp:attachment":[{"href":"https:\/\/cncps.maia.gov.md\/en\/wp-json\/wp\/v2\/media?parent=4802"}],"wp:term":[{"taxonomy":"product_cat","embeddable":true,"href":"https:\/\/cncps.maia.gov.md\/en\/wp-json\/wp\/v2\/product_cat?post=4802"},{"taxonomy":"product_tag","embeddable":true,"href":"https:\/\/cncps.maia.gov.md\/en\/wp-json\/wp\/v2\/product_tag?post=4802"}],"curies":[{"name":"wp","href":"https:\/\/api.w.org\/{rel}","templated":true}]}}