{"id":178,"date":"2022-06-08T15:43:58","date_gmt":"2022-06-08T15:43:58","guid":{"rendered":"https:\/\/porumbeni.gov.md\/?post_type=product&#038;p=178"},"modified":"2022-06-16T08:50:53","modified_gmt":"2022-06-16T08:50:53","slug":"porumbeni-397-crupe-si-faina","status":"publish","type":"product","link":"https:\/\/cncps.maia.gov.md\/en\/produs\/porumbeni-397-crupe-si-faina\/","title":{"rendered":"Porumbeni 397 MRf"},"content":{"rendered":"<p><span style=\"color: #800080;\"><strong>Hibrid simplu, semitardiv, FAO 390<\/strong><\/span><\/p>\n<p>Perioada de vegeta\u0163ie \u00een condi\u0163iile Moldovei 115-122 zile.<\/p>\n<p><b>Planta<\/b> \u00eenal\u021bimea de 240-250 cm, inser\u021bia \u0219tiuletului la 110-120 cm.<\/p>\n<p><b>\u0218tiulete<\/b> conic cu lungimea de 20-21 cm, 12-14 r\u00e2nduri de boabe.<\/p>\n<p>Randamentul de boabe este de 80-82%, rahis ro\u0219u.<\/p>\n<p><b>Bobul<\/b> de consisten\u021b\u0103 sticloas\u0103, oranj cu MMB 280-300 g, con\u021bine 4,9 mg\/kg de caroten.<\/p>\n<p><b>\u00censu\u0219iri specifice:<\/b> Rezistent la secet\u0103, o rezisten\u021b\u0103 medie c\u0103derea tulpinilor.<\/p>\n<p>Tolerant la boli \u0219i d\u0103un\u0103tori.<\/p>\n<p><b>Poten\u021bialul de produc\u021bie <\/b>\u00a0este de 8-10 t\/ha boabe.<\/p>\n<p><strong>Omologat \u00een R. Moldova pentru utilizare \u00een industria alimentar\u0103 (f\u0103in\u0103, crupe).<\/strong><\/p>\n","protected":false},"excerpt":{"rendered":"<p><span style=\"color: #800080;\"><strong>Hibrid simplu, semitardiv, FAO 390<\/strong><\/span><\/p>\n","protected":false},"featured_media":642,"comment_status":"closed","ping_status":"closed","template":"","meta":[],"product_cat":[51],"product_tag":[],"class_list":["post-178","product","type-product","status-publish","has-post-thumbnail","hentry","product_cat-hibrizi-pentru-crupe-si-faina"],"_links":{"self":[{"href":"https:\/\/cncps.maia.gov.md\/en\/wp-json\/wp\/v2\/product\/178","targetHints":{"allow":["GET"]}}],"collection":[{"href":"https:\/\/cncps.maia.gov.md\/en\/wp-json\/wp\/v2\/product"}],"about":[{"href":"https:\/\/cncps.maia.gov.md\/en\/wp-json\/wp\/v2\/types\/product"}],"replies":[{"embeddable":true,"href":"https:\/\/cncps.maia.gov.md\/en\/wp-json\/wp\/v2\/comments?post=178"}],"wp:featuredmedia":[{"embeddable":true,"href":"https:\/\/cncps.maia.gov.md\/en\/wp-json\/wp\/v2\/media\/642"}],"wp:attachment":[{"href":"https:\/\/cncps.maia.gov.md\/en\/wp-json\/wp\/v2\/media?parent=178"}],"wp:term":[{"taxonomy":"product_cat","embeddable":true,"href":"https:\/\/cncps.maia.gov.md\/en\/wp-json\/wp\/v2\/product_cat?post=178"},{"taxonomy":"product_tag","embeddable":true,"href":"https:\/\/cncps.maia.gov.md\/en\/wp-json\/wp\/v2\/product_tag?post=178"}],"curies":[{"name":"wp","href":"https:\/\/api.w.org\/{rel}","templated":true}]}}