{"id":153,"date":"2022-06-08T15:30:37","date_gmt":"2022-06-08T15:30:37","guid":{"rendered":"https:\/\/porumbeni.gov.md\/?post_type=product&#038;p=153"},"modified":"2023-01-19T07:30:58","modified_gmt":"2023-01-19T07:30:58","slug":"porumbeni-294","status":"publish","type":"product","link":"https:\/\/cncps.maia.gov.md\/en\/produs\/porumbeni-294\/","title":{"rendered":"PORUMBENI  294 MRf"},"content":{"rendered":"<h3><strong>PORUMBENI 294 MRf<\/strong><\/h3>\n<p><span style=\"color: #993366;\"><strong>Hibrid triliniar, semitimpuriu,\u00a0FAO 290<\/strong><\/span><\/p>\n<p>Perioada de vegeta\u021bie \u00een condi\u0163iile Moldovei 104-110 zile.<\/p>\n<p><b>Planta<\/b>\u00a0cu \u00een\u0103l\u0163imea de 230-240 cm, inser\u0163ia \u015ftiuletelui la 85-90 cm.<\/p>\n<p><b>\u0218tiuletele<\/b>\u00a0de form\u0103 cilindric\u0103, cu lungimea de 16-18 cm, 12-14 r\u00e2nduri de boabe. Randamentul \u00een boabe 83-84%. Rahisul ro\u015fu.<\/p>\n<p><b>Bobul<\/b>\u00a0dentat, galben cu MMB 290-300 g.<\/p>\n<p><b>Poten\u021bialul de produc\u021bie<\/b>\u00a0este 11-12 t\/ha boabe.<\/p>\n<p><b>\u00censu\u0219iri specifice:<\/b>\u00a0Dispune de ritm intens de cre\u0219etere la etapa ini\u021bial\u0103 de dezvoltare. Rezistent la secet\u0103, c\u0103derea \u0219i fr\u00e2ngerea tulpinilor, tolerant la boli \u015fi d\u0103un\u0103tori. Este predispus s\u0103 formeze c\u00e2te 1,5 \u015ftiule\u0163i la plant\u0103.<\/p>\n<p>Densitatea optim\u0103 de cultivare la boabe 65-70 mii plante la hectar.<\/p>\n<p><b>Omologat\u00a0<\/b><b>\u00een Moldova \u0219<\/b><b>i\u00a0<\/b><b>Rusia pentru cultivare la boabe.<\/b><\/p>\n","protected":false},"excerpt":{"rendered":"<p><span style=\"color: #993366;\"><strong>Hibrid triliniar, semitimpuriu,\u00a0FAO 290<\/strong><\/span><\/p>\n","protected":false},"featured_media":3164,"comment_status":"closed","ping_status":"closed","template":"","meta":[],"product_cat":[65],"product_tag":[],"class_list":["post-153","product","type-product","status-publish","has-post-thumbnail","hentry","product_cat-republica-moldova"],"_links":{"self":[{"href":"https:\/\/cncps.maia.gov.md\/en\/wp-json\/wp\/v2\/product\/153","targetHints":{"allow":["GET"]}}],"collection":[{"href":"https:\/\/cncps.maia.gov.md\/en\/wp-json\/wp\/v2\/product"}],"about":[{"href":"https:\/\/cncps.maia.gov.md\/en\/wp-json\/wp\/v2\/types\/product"}],"replies":[{"embeddable":true,"href":"https:\/\/cncps.maia.gov.md\/en\/wp-json\/wp\/v2\/comments?post=153"}],"wp:featuredmedia":[{"embeddable":true,"href":"https:\/\/cncps.maia.gov.md\/en\/wp-json\/wp\/v2\/media\/3164"}],"wp:attachment":[{"href":"https:\/\/cncps.maia.gov.md\/en\/wp-json\/wp\/v2\/media?parent=153"}],"wp:term":[{"taxonomy":"product_cat","embeddable":true,"href":"https:\/\/cncps.maia.gov.md\/en\/wp-json\/wp\/v2\/product_cat?post=153"},{"taxonomy":"product_tag","embeddable":true,"href":"https:\/\/cncps.maia.gov.md\/en\/wp-json\/wp\/v2\/product_tag?post=153"}],"curies":[{"name":"wp","href":"https:\/\/api.w.org\/{rel}","templated":true}]}}